{"id":27708,"date":"2023-11-29T08:08:14","date_gmt":"2023-11-29T08:08:14","guid":{"rendered":"https:\/\/modestihouse.com\/?page_id=27708"},"modified":"2023-11-29T08:08:14","modified_gmt":"2023-11-29T08:08:14","slug":"tienda-de-muebles-en-la-palma","status":"publish","type":"page","link":"https:\/\/modestihouse.com\/index.php\/tienda-de-muebles-en-la-palma\/","title":{"rendered":"Tienda de Muebles en La Palma"},"content":{"rendered":"<p>[et_pb_section fb_built=\u00bb1&#8243; fullwidth=\u00bbon\u00bb disabled_on=\u00bbon|off|off\u00bb _builder_version=\u00bb4.27.0&#8243; _module_preset=\u00bbdefault\u00bb width=\u00bb70%\u00bb module_alignment=\u00bbcenter\u00bb box_shadow_style=\u00bbpreset3&#8243; global_colors_info=\u00bb{}\u00bb][et_pb_fullwidth_slider _builder_version=\u00bb4.27.0&#8243; _module_preset=\u00bbdefault\u00bb header_level=\u00bbh1&#8243; header_font=\u00bbOutfit||||||||\u00bb content_width=\u00bb81%\u00bb custom_css_free_form=\u00bb.et_pb_bg_layout_dark .et_pb_slide_description {||    text-shadow: 0 1px 3px rgba(0,0,0,.3);||    width: 50%;||}\u00bb box_shadow_style=\u00bbpreset1&#8243; global_colors_info=\u00bb{}\u00bb][et_pb_slide heading=\u00bbTienda de Muebles en La Palma\u00bb use_text_overlay=\u00bbon\u00bb _builder_version=\u00bb4.27.0&#8243; _module_preset=\u00bbdefault\u00bb header_level=\u00bbh1&#8243; header_font=\u00bbOutfit||||||||\u00bb header_font_size=\u00bb29px\u00bb background_image=\u00bbhttps:\/\/modestihouse.com\/wp-content\/uploads\/2023\/11\/sofa-modestihouse-1.jpg\u00bb background_enable_image=\u00bbon\u00bb width=\u00bb72%\u00bb global_colors_info=\u00bb{}\u00bb sticky_transition=\u00bbon\u00bb][\/et_pb_slide][\/et_pb_fullwidth_slider][\/et_pb_section][et_pb_section fb_built=\u00bb1&#8243; fullwidth=\u00bbon\u00bb disabled_on=\u00bboff|on|on\u00bb _builder_version=\u00bb4.23.1&#8243; _module_preset=\u00bbdefault\u00bb custom_margin=\u00bb25px||-10px|||\u00bb box_shadow_style=\u00bbpreset3&#8243; global_colors_info=\u00bb{}\u00bb][\/et_pb_section][et_pb_section fb_built=\u00bb1&#8243; _builder_version=\u00bb4.23.1&#8243; _module_preset=\u00bbdefault\u00bb custom_padding=\u00bb0px||0px|||\u00bb global_colors_info=\u00bb{}\u00bb][et_pb_row _builder_version=\u00bb4.23.1&#8243; _module_preset=\u00bbdefault\u00bb custom_padding=\u00bb||8px|||\u00bb global_colors_info=\u00bb{}\u00bb][et_pb_column type=\u00bb4_4&#8243; _builder_version=\u00bb4.23.1&#8243; _module_preset=\u00bbdefault\u00bb global_colors_info=\u00bb{}\u00bb][et_pb_text _builder_version=\u00bb4.27.0&#8243; _module_preset=\u00bb0740d81b-8693-4a21-9ad3-1b007ee64411&#8243; header_2_font=\u00bbOutfit||||||||\u00bb header_2_font_size=\u00bb33px\u00bb custom_margin=\u00bb4px|||||\u00bb custom_padding=\u00bb||1px|||\u00bb hover_enabled=\u00bb0&#8243; header_2_font_size_tablet=\u00bb33px\u00bb header_2_font_size_phone=\u00bb20px\u00bb header_2_font_size_last_edited=\u00bbon|phone\u00bb global_colors_info=\u00bb{}\u00bb sticky_enabled=\u00bb0&#8243;]<\/p>\n<h2 style=\"text-align: center;\">Tienda de Muebles en La Palma | ModestiHouse: Muebles de Calidad para tu Hogar<\/h2>\n<p>[\/et_pb_text][et_pb_text _builder_version=\u00bb4.27.0&#8243; _module_preset=\u00bbdefault\u00bb global_colors_info=\u00bb{}\u00bb]<\/p>\n<p>Si est\u00e1s en La Palma y buscas muebles que combinen calidad, estilo y funcionalidad, ModestiHouse es tu tienda de confianza. Nos dedicamos a ofrecer una amplia gama de muebles que no solo mejoran la est\u00e9tica de tu hogar, sino que tambi\u00e9n se adaptan a tus necesidades diarias, proporcionando confort y practicidad.<\/p>\n<p>&nbsp;<\/p>\n<p>En nuestra tienda de muebles en La Palma, encontrar\u00e1s una selecci\u00f3n de productos que van desde sof\u00e1s y sillones c\u00f3modos hasta mesas de comedor elegantes, pasando por camas y armarios que maximizan el espacio en tu hogar. Cada mueble ha sido seleccionado por su alta calidad y dise\u00f1o, garantizando que obtengas piezas que duren y que se adapten a tu estilo de vida.<\/p>\n<p>&nbsp;<\/p>\n<p>En ModestiHouse, sabemos que elegir los muebles adecuados es fundamental para crear un hogar acogedor. Por eso, ofrecemos un servicio de asesoramiento personalizado en La Palma, donde nuestros expertos en mobiliario te ayudar\u00e1n a encontrar las piezas perfectas para cada espacio de tu casa. Adem\u00e1s, puedes personalizar tus muebles para que reflejen tu estilo \u00fanico.<\/p>\n<p>&nbsp;<\/p>\n<p>Para tu comodidad, en ModestiHouse ofrecemos un servicio de entrega r\u00e1pida en toda La Palma, as\u00ed como opciones de montaje para que puedas disfrutar de tus nuevos muebles sin estr\u00e9s.<\/p>\n<p>&nbsp;<\/p>\n<p>No comprometas el estilo y confort de tu hogar. Visita nuestra tienda de muebles en La Palma o explora nuestra tienda online para descubrir las mejores<\/p>\n<p>&nbsp;<\/p>\n<p>\u00a0opciones en mobiliario. En ModestiHouse, estamos comprometidos con ayudarte a crear un hogar donde te sientas verdaderamente c\u00f3modo y feliz.<\/p>\n<p>[\/et_pb_text][\/et_pb_column][\/et_pb_row][\/et_pb_section][et_pb_section fb_built=\u00bb1&#8243; admin_label=\u00bbProducts\u00bb _builder_version=\u00bb4.23.1&#8243; _module_preset=\u00bbdefault\u00bb background_color=\u00bbgcid-c67e4c14-9f9a-4541-bcfb-a3dbe227e267&#8243; custom_margin_tablet=\u00bb\u00bb custom_margin_phone=\u00bb||||false|false\u00bb custom_margin_last_edited=\u00bbon|phone\u00bb custom_padding=\u00bb0px||10px||false|false\u00bb collapsed=\u00bbon\u00bb global_colors_info=\u00bb{%22gcid-c67e4c14-9f9a-4541-bcfb-a3dbe227e267%22:%91%22background_color%22%93}\u00bb][et_pb_row column_structure=\u00bb1_2,1_2&#8243; use_custom_gutter=\u00bbon\u00bb gutter_width=\u00bb1&#8243; make_equal=\u00bbon\u00bb _builder_version=\u00bb4.23.1&#8243; _module_preset=\u00bbdefault\u00bb global_colors_info=\u00bb{}\u00bb][et_pb_column type=\u00bb1_2&#8243; _builder_version=\u00bb4.23.1&#8243; _module_preset=\u00bbdefault\u00bb background_color=\u00bbgcid-b74eef71-a268-4efe-841b-c8ec143deee4&#8243; custom_padding=\u00bb80px|40px|80px|40px|true|true\u00bb custom_padding_tablet=\u00bb60px|30px|60px|30px|true|true\u00bb custom_padding_phone=\u00bb40px|20px|40px|20px|true|true\u00bb custom_padding_last_edited=\u00bbon|tablet\u00bb global_colors_info=\u00bb{%22gcid-b74eef71-a268-4efe-841b-c8ec143deee4%22:%91%22background_color%22%93}\u00bb background__hover_enabled=\u00bbon|desktop\u00bb][et_pb_text _builder_version=\u00bb4.23.1&#8243; _module_preset=\u00bb67943cea-e586-465a-9d06-8367c73f8418&#8243; header_2_text_color=\u00bb#FFFFFF\u00bb custom_margin=\u00bb||10px||false|false\u00bb global_colors_info=\u00bb{}\u00bb]<\/p>\n<h2>Ofertas en colchones<\/h2>\n<p>[\/et_pb_text][et_pb_text _builder_version=\u00bb4.23.1&#8243; _module_preset=\u00bb6a3432bf-842b-4377-a0fc-3349b6ff8924&#8243; text_text_color=\u00bb#FFFFFF\u00bb global_colors_info=\u00bb{}\u00bb]<\/p>\n<p><span>Encuentra la oferta perfecta en nuestra tienda online, asegurando un sue\u00f1o reparador y confortable.<\/span><\/p>\n<p>[\/et_pb_text][et_pb_button button_url=\u00bbhttps:\/\/modestihouse.com\/product-category\/colchones\/\u00bb button_text=\u00bbVer Todos\u00bb _builder_version=\u00bb4.23.1&#8243; _module_preset=\u00bb29e9c7c9-8276-49e2-b753-e453513d577c\u00bb button_text_color=\u00bb#000000&#8243; button_bg_color=\u00bb#b9d586&#8243; custom_margin=\u00bb30px||||false|false\u00bb global_colors_info=\u00bb{}\u00bb][\/et_pb_button][\/et_pb_column][et_pb_column type=\u00bb1_2&#8243; _builder_version=\u00bb4.23.1&#8243; _module_preset=\u00bbdefault\u00bb use_background_color_gradient=\u00bbon\u00bb background_color_gradient_stops=\u00bbgcid-40afeb94-f3a1-4b01-a695-ff82654e75f2 0%|rgba(255,255,255,0) 100%\u00bb background_color_gradient_overlays_image=\u00bbon\u00bb background_image=\u00bbhttps:\/\/modestihouse.com\/wp-content\/uploads\/2023\/11\/colchon-1.jpg\u00bb custom_padding=\u00bb80px|40px|80px|40px|true|true\u00bb custom_padding_tablet=\u00bb60px|30px|60px|30px|true|true\u00bb custom_padding_phone=\u00bb40px|20px|40px|20px|true|true\u00bb custom_padding_last_edited=\u00bbon|tablet\u00bb global_colors_info=\u00bb{%22gcid-40afeb94-f3a1-4b01-a695-ff82654e75f2%22:%91%22background_color_gradient_stops%22%93}\u00bb][et_pb_text _builder_version=\u00bb4.22.1&#8243; _module_preset=\u00bb3b89ea05-8a17-4729-9883-a21687892fd8&#8243; header_3_text_color=\u00bb#FFFFFF\u00bb global_colors_info=\u00bb{}\u00bb]<\/p>\n<h3><span>Descuentos exclusivos en colchones de alta calidad<\/span><\/h3>\n<p>[\/et_pb_text][\/et_pb_column][\/et_pb_row][\/et_pb_section][et_pb_section fb_built=\u00bb1&#8243; admin_label=\u00bbMost Popular Products\u00bb _builder_version=\u00bb4.22.1&#8243; _module_preset=\u00bbdefault\u00bb background_color=\u00bbgcid-c67e4c14-9f9a-4541-bcfb-a3dbe227e267&#8243; custom_padding=\u00bb5px|||||\u00bb saved_tabs=\u00bball\u00bb collapsed=\u00bbon\u00bb global_colors_info=\u00bb{%22gcid-c67e4c14-9f9a-4541-bcfb-a3dbe227e267%22:%91%22background_color%22%93}\u00bb][et_pb_row _builder_version=\u00bb4.22.1&#8243; _module_preset=\u00bbdefault\u00bb global_colors_info=\u00bb{}\u00bb][et_pb_column type=\u00bb4_4&#8243; _builder_version=\u00bb4.22.1&#8243; _module_preset=\u00bbdefault\u00bb global_colors_info=\u00bb{}\u00bb][et_pb_text _builder_version=\u00bb4.23.1&#8243; _module_preset=\u00bb6841339e-b6c2-42ef-9485-4094ae5d8f32&#8243; header_2_font_size=\u00bb45px\u00bb text_orientation=\u00bbcenter\u00bb custom_padding=\u00bb||0px|||\u00bb global_colors_info=\u00bb{}\u00bb]<\/p>\n<h2>Opiniones de clientes<\/h2>\n<p>[\/et_pb_text][\/et_pb_column][\/et_pb_row][et_pb_row _builder_version=\u00bb4.23.1&#8243; _module_preset=\u00bbdefault\u00bb custom_margin=\u00bb-56px|auto||auto||\u00bb custom_padding=\u00bb2px|||||\u00bb global_colors_info=\u00bb{}\u00bb][et_pb_column type=\u00bb4_4&#8243; _builder_version=\u00bb4.23.1&#8243; _module_preset=\u00bbdefault\u00bb global_colors_info=\u00bb{}\u00bb][et_pb_text _builder_version=\u00bb4.23.1&#8243; _module_preset=\u00bbdefault\u00bb global_colors_info=\u00bb{}\u00bb]<\/p>\n<p style=\"text-align: center;\"><span>[trustindex no-registration=google]<\/span><\/p>\n<p>[\/et_pb_text][\/et_pb_column][\/et_pb_row][\/et_pb_section]<\/p>\n","protected":false},"excerpt":{"rendered":"<p>[et_pb_section fb_built=\u00bb1&#8243; fullwidth=\u00bbon\u00bb disabled_on=\u00bbon|off|off\u00bb _builder_version=\u00bb4.27.0&#8243; _module_preset=\u00bbdefault\u00bb width=\u00bb70%\u00bb module_alignment=\u00bbcenter\u00bb box_shadow_style=\u00bbpreset3&#8243; global_colors_info=\u00bb{}\u00bb][et_pb_fullwidth_slider _builder_version=\u00bb4.27.0&#8243; _module_preset=\u00bbdefault\u00bb header_level=\u00bbh1&#8243; header_font=\u00bbOutfit||||||||\u00bb content_width=\u00bb81%\u00bb custom_css_free_form=\u00bb.et_pb_bg_layout_dark .et_pb_slide_description {|| text-shadow: 0<\/p>\n","protected":false},"author":1,"featured_media":0,"parent":0,"menu_order":0,"comment_status":"closed","ping_status":"closed","template":"","meta":{"footnotes":""},"class_list":["post-27708","page","type-page","status-publish","hentry"],"aioseo_notices":[],"_links":{"self":[{"href":"https:\/\/modestihouse.com\/index.php\/wp-json\/wp\/v2\/pages\/27708","targetHints":{"allow":["GET"]}}],"collection":[{"href":"https:\/\/modestihouse.com\/index.php\/wp-json\/wp\/v2\/pages"}],"about":[{"href":"https:\/\/modestihouse.com\/index.php\/wp-json\/wp\/v2\/types\/page"}],"author":[{"embeddable":true,"href":"https:\/\/modestihouse.com\/index.php\/wp-json\/wp\/v2\/users\/1"}],"replies":[{"embeddable":true,"href":"https:\/\/modestihouse.com\/index.php\/wp-json\/wp\/v2\/comments?post=27708"}],"version-history":[{"count":0,"href":"https:\/\/modestihouse.com\/index.php\/wp-json\/wp\/v2\/pages\/27708\/revisions"}],"wp:attachment":[{"href":"https:\/\/modestihouse.com\/index.php\/wp-json\/wp\/v2\/media?parent=27708"}],"curies":[{"name":"wp","href":"https:\/\/api.w.org\/{rel}","templated":true}]}}