{"id":34503,"date":"2024-11-08T18:52:40","date_gmt":"2024-11-08T17:52:40","guid":{"rendered":"https:\/\/modestihouse.com\/?page_id=34503"},"modified":"2024-11-08T18:52:54","modified_gmt":"2024-11-08T17:52:54","slug":"tienda-de-muebles-y-colchones-en-san-cristobal-de-la-laguna","status":"publish","type":"page","link":"https:\/\/modestihouse.com\/index.php\/tienda-de-muebles-y-colchones-en-san-cristobal-de-la-laguna\/","title":{"rendered":"Tienda de Muebles y Colchones en San Crist\u00f3bal de La Laguna"},"content":{"rendered":"<div class=\"wp-block-image\">\n<figure class=\"aligncenter size-large is-resized\"><img decoding=\"async\" width=\"800\" height=\"800\" src=\"https:\/\/modestihouse.com\/wp-content\/uploads\/2024\/10\/pegaso-sofa-cama-1pl-9-1-800x800.jpg\" alt=\"\" class=\"wp-image-33755\" style=\"width:622px;height:auto\" srcset=\"https:\/\/modestihouse.com\/wp-content\/uploads\/2024\/10\/pegaso-sofa-cama-1pl-9-1-800x800.jpg 800w, https:\/\/modestihouse.com\/wp-content\/uploads\/2024\/10\/pegaso-sofa-cama-1pl-9-1-430x430.jpg 430w, https:\/\/modestihouse.com\/wp-content\/uploads\/2024\/10\/pegaso-sofa-cama-1pl-9-1-150x150.jpg 150w, https:\/\/modestihouse.com\/wp-content\/uploads\/2024\/10\/pegaso-sofa-cama-1pl-9-1-700x700.jpg 700w, https:\/\/modestihouse.com\/wp-content\/uploads\/2024\/10\/pegaso-sofa-cama-1pl-9-1-300x300.jpg 300w, https:\/\/modestihouse.com\/wp-content\/uploads\/2024\/10\/pegaso-sofa-cama-1pl-9-1-768x768.jpg 768w, https:\/\/modestihouse.com\/wp-content\/uploads\/2024\/10\/pegaso-sofa-cama-1pl-9-1.jpg 1100w\" sizes=\"(max-width: 800px) 100vw, 800px\" \/><\/figure>\n<\/div>\n\n\n<h3 class=\"wp-block-heading\"><strong>Tu Tienda de Muebles y Colchones en La Laguna<\/strong><\/h3>\n\n\n\n<p><br><strong>San Crist\u00f3bal de La Laguna<\/strong>, Patrimonio de la Humanidad, combina historia y modernidad en un entorno encantador. En <strong>ModestiHouse<\/strong>, nos especializamos en ofrecer muebles y colchones que reflejan este equilibrio entre tradici\u00f3n y estilo contempor\u00e1neo. Nuestro objetivo es ayudar a los residentes de La Laguna a crear espacios confortables y elegantes, adecuados para cada tipo de vivienda, desde casas hist\u00f3ricas hasta apartamentos modernos.<\/p>\n\n\n\n<p><br>Nuestra colecci\u00f3n de muebles incluye una selecci\u00f3n variada que va desde sof\u00e1s y sillones hasta muebles de dormitorio y comedor. Para quienes buscan un toque cl\u00e1sico, contamos con muebles de l\u00edneas tradicionales que combinan con la arquitectura de La Laguna. Aquellos con preferencias modernas encontrar\u00e1n sof\u00e1s modulares, mesas de cristal y muebles minimalistas que a\u00f1aden un toque fresco y actual.<\/p>\n\n\n\n<p><br>Sabemos que el descanso es fundamental, y por eso ofrecemos colchones que se ajustan a todo tipo de preferencias y necesidades. En La Laguna, donde el clima puede ser un poco m\u00e1s fresco y h\u00famedo, recomendamos colchones con materiales que favorezcan la transpirabilidad, como los colchones de muelles ensacados. Tambi\u00e9n disponemos de colchones viscoel\u00e1sticos, perfectos para quienes buscan una mayor adaptabilidad y reducci\u00f3n de puntos de presi\u00f3n.<\/p>\n\n\n\n<p><br>En <strong>ModestiHouse <\/strong>nos encargamos de que el proceso de compra sea c\u00f3modo para nuestros clientes en La Laguna. Ofrecemos servicio de entrega y montaje en el hogar, asegur\u00e1ndonos de que cada mueble y colch\u00f3n llegue en perfectas condiciones y est\u00e9 listo para su uso.<\/p>\n\n\n\n<p><br>Si vives en una casa hist\u00f3rica, te sugerimos optar por muebles de madera que combinen con el ambiente y la estructura de la vivienda. Para los apartamentos modernos, los muebles de l\u00edneas sencillas y acabados en tonos neutros o met\u00e1licos pueden ser ideales. En <strong>ModestiHouse<\/strong>, estamos disponibles para ayudarte a elegir las piezas que mejor se adapten a tus gustos y a la personalidad de tu hogar.<\/p>\n\n\n\n<p><br><strong>ModestiHouse <\/strong>es tu tienda de referencia en La Laguna para muebles y colchones de calidad. Con una atenci\u00f3n personalizada y productos que combinan estilo y funcionalidad, te ayudamos a hacer de tu hogar un lugar \u00fanico.<\/p>\n\n\n\n<p><\/p>\n","protected":false},"excerpt":{"rendered":"<p>Tu Tienda de Muebles y Colchones en La Laguna San Crist\u00f3bal de La Laguna, Patrimonio de la Humanidad, combina historia<\/p>\n","protected":false},"author":1,"featured_media":0,"parent":0,"menu_order":0,"comment_status":"closed","ping_status":"closed","template":"","meta":{"footnotes":""},"class_list":["post-34503","page","type-page","status-publish","hentry"],"aioseo_notices":[],"_links":{"self":[{"href":"https:\/\/modestihouse.com\/index.php\/wp-json\/wp\/v2\/pages\/34503","targetHints":{"allow":["GET"]}}],"collection":[{"href":"https:\/\/modestihouse.com\/index.php\/wp-json\/wp\/v2\/pages"}],"about":[{"href":"https:\/\/modestihouse.com\/index.php\/wp-json\/wp\/v2\/types\/page"}],"author":[{"embeddable":true,"href":"https:\/\/modestihouse.com\/index.php\/wp-json\/wp\/v2\/users\/1"}],"replies":[{"embeddable":true,"href":"https:\/\/modestihouse.com\/index.php\/wp-json\/wp\/v2\/comments?post=34503"}],"version-history":[{"count":1,"href":"https:\/\/modestihouse.com\/index.php\/wp-json\/wp\/v2\/pages\/34503\/revisions"}],"predecessor-version":[{"id":34504,"href":"https:\/\/modestihouse.com\/index.php\/wp-json\/wp\/v2\/pages\/34503\/revisions\/34504"}],"wp:attachment":[{"href":"https:\/\/modestihouse.com\/index.php\/wp-json\/wp\/v2\/media?parent=34503"}],"curies":[{"name":"wp","href":"https:\/\/api.w.org\/{rel}","templated":true}]}}