{"id":34505,"date":"2024-11-08T18:55:29","date_gmt":"2024-11-08T17:55:29","guid":{"rendered":"https:\/\/modestihouse.com\/?page_id=34505"},"modified":"2024-11-08T18:55:29","modified_gmt":"2024-11-08T17:55:29","slug":"muebles-y-colchones-en-adeje","status":"publish","type":"page","link":"https:\/\/modestihouse.com\/index.php\/muebles-y-colchones-en-adeje\/","title":{"rendered":"Muebles y Colchones en Adeje"},"content":{"rendered":"<div id=\"attachment_34232\" style=\"width: 1310px\" class=\"wp-caption alignnone\"><img decoding=\"async\" aria-describedby=\"caption-attachment-34232\" class=\"wp-image-34232 size-large\" src=\"https:\/\/modestihouse.com\/wp-content\/uploads\/2021\/08\/salones-en-tenerife-1300x780.jpg\" alt=\"salones-en-tenerife\" width=\"1300\" height=\"780\" srcset=\"https:\/\/modestihouse.com\/wp-content\/uploads\/2021\/08\/salones-en-tenerife-1300x780.jpg 1300w, https:\/\/modestihouse.com\/wp-content\/uploads\/2021\/08\/salones-en-tenerife-430x258.jpg 430w, https:\/\/modestihouse.com\/wp-content\/uploads\/2021\/08\/salones-en-tenerife-150x90.jpg 150w, https:\/\/modestihouse.com\/wp-content\/uploads\/2021\/08\/salones-en-tenerife-700x420.jpg 700w, https:\/\/modestihouse.com\/wp-content\/uploads\/2021\/08\/salones-en-tenerife-400x240.jpg 400w, https:\/\/modestihouse.com\/wp-content\/uploads\/2021\/08\/salones-en-tenerife-768x461.jpg 768w, https:\/\/modestihouse.com\/wp-content\/uploads\/2021\/08\/salones-en-tenerife-1536x922.jpg 1536w, https:\/\/modestihouse.com\/wp-content\/uploads\/2021\/08\/salones-en-tenerife.jpg 2000w\" sizes=\"(max-width: 1300px) 100vw, 1300px\" \/><p id=\"caption-attachment-34232\" class=\"wp-caption-text\">salones-en-tenerife<\/p><\/div>\n<h3><strong>Muebles y Colchones en Adeje<\/strong><\/h3>\n<p>Adeje es un lugar con un estilo de vida din\u00e1mico, ideal para quienes buscan relajarse en un entorno de lujo y comodidad. En <strong>ModestiHouse<\/strong>, hemos seleccionado cuidadosamente muebles y colchones que se adaptan a las necesidades de los hogares en Adeje. Ya sea que est\u00e9s decorando una residencia permanente o una propiedad de alquiler vacacional, tenemos opciones que destacan por su dise\u00f1o, funcionalidad y calidad.<\/p>\n<p>Nuestra oferta incluye muebles de exterior ideales para terrazas y balcones, as\u00ed como muebles de interior que aportan calidez y estilo a cualquier habitaci\u00f3n. Para el sal\u00f3n, disponemos de sof\u00e1s c\u00f3modos y resistentes, mientras que nuestras mesas de comedor est\u00e1n pensadas para crear espacios acogedores. En cuanto a los dormitorios, contamos con cabeceros, mesillas y c\u00f3modas que completan la estancia.<\/p>\n<p>Adeje es conocido por su clima c\u00e1lido durante la mayor parte del a\u00f1o. En <strong>ModestiHouse<\/strong>, ofrecemos colchones transpirables que ayudan a mantener una temperatura agradable mientras duermes. Nuestros colchones viscoel\u00e1sticos y de muelles ensacados son ideales para asegurar un descanso reparador, sea cual sea tu preferencia.<\/p>\n<p>Entendemos que el tiempo es valioso, por eso facilitamos la compra de muebles y colchones con un proceso sencillo y un servicio de entrega y montaje en Adeje. Nuestro equipo se encarga de cada detalle para que disfrutes de tus nuevos productos sin preocupaciones.<\/p>\n<p>Si est\u00e1s amueblando una propiedad de alquiler vacacional, te recomendamos optar por muebles de alta durabilidad y colchones resistentes al uso continuo. Los sof\u00e1s modulares y los muebles de exterior en materiales resistentes son excelentes opciones para este tipo de propiedades.<\/p>\n<p>Para quienes buscan muebles y colchones de calidad en Adeje, <strong>ModestiHouse<\/strong> es la elecci\u00f3n ideal. Con nuestra amplia oferta, servicio integral y asesoramiento personalizado, hacemos que cada cliente encuentre justo lo que necesita para su hogar.<\/p>\n","protected":false},"excerpt":{"rendered":"<p>Muebles y Colchones en Adeje Adeje es un lugar con un estilo de vida din\u00e1mico, ideal para quienes buscan relajarse<\/p>\n","protected":false},"author":1,"featured_media":0,"parent":0,"menu_order":0,"comment_status":"closed","ping_status":"closed","template":"","meta":{"footnotes":""},"class_list":["post-34505","page","type-page","status-publish","hentry"],"aioseo_notices":[],"_links":{"self":[{"href":"https:\/\/modestihouse.com\/index.php\/wp-json\/wp\/v2\/pages\/34505","targetHints":{"allow":["GET"]}}],"collection":[{"href":"https:\/\/modestihouse.com\/index.php\/wp-json\/wp\/v2\/pages"}],"about":[{"href":"https:\/\/modestihouse.com\/index.php\/wp-json\/wp\/v2\/types\/page"}],"author":[{"embeddable":true,"href":"https:\/\/modestihouse.com\/index.php\/wp-json\/wp\/v2\/users\/1"}],"replies":[{"embeddable":true,"href":"https:\/\/modestihouse.com\/index.php\/wp-json\/wp\/v2\/comments?post=34505"}],"version-history":[{"count":1,"href":"https:\/\/modestihouse.com\/index.php\/wp-json\/wp\/v2\/pages\/34505\/revisions"}],"predecessor-version":[{"id":34506,"href":"https:\/\/modestihouse.com\/index.php\/wp-json\/wp\/v2\/pages\/34505\/revisions\/34506"}],"wp:attachment":[{"href":"https:\/\/modestihouse.com\/index.php\/wp-json\/wp\/v2\/media?parent=34505"}],"curies":[{"name":"wp","href":"https:\/\/api.w.org\/{rel}","templated":true}]}}