{"id":29287,"date":"2024-10-08T09:05:50","date_gmt":"2024-10-08T07:05:50","guid":{"rendered":"https:\/\/modestihouse.com\/?post_type=product&#038;p=29287"},"modified":"2024-10-08T09:06:39","modified_gmt":"2024-10-08T07:06:39","slug":"libreria-java-2p-2c","status":"publish","type":"product","link":"https:\/\/modestihouse.com\/index.php\/producto\/libreria-java-2p-2c\/","title":{"rendered":"Libreria Java 2p 2c"},"content":{"rendered":"<p>LIBRERIA de dise\u00f1o Boho. Fabricado en DM lacado y papel melam\u00ednico roble.<\/p>\n<p>La originalidad de esta pieza reside en sus puertas correderas, una de ellas con imagen serigrafiada. En cuanto a la practicidad, el espacio de almacenamiento que ofrece se vuelve imprescindible en cualquier hogar. Esta Librer\u00eda cuenta con un dise\u00f1o que dar\u00e1 ese toque especial a la decoraci\u00f3n de tu hogar.<\/p>\n<p>Requiere montaje.<\/p>\n<p>Recomendaci\u00f3n de cuidados:\u00a0Quitar el polvo con un plumero.<\/p>\n<p>&nbsp;<\/p>\n<p><strong>Medidas:<\/strong><\/p>\n<p><strong>\u00a0\u00a0\u00a0\u00a0<\/strong>L98 x F39 x A173<\/p>\n","protected":false},"excerpt":{"rendered":"<p>LIBRERIA de dise\u00f1o Boho. Fabricado en DM lacado y papel melam\u00ednico roble. La originalidad de esta pieza reside en sus<\/p>\n","protected":false},"featured_media":29327,"template":"","meta":[],"product_brand":[],"product_cat":[71],"product_tag":[],"class_list":{"0":"post-29287","1":"product","2":"type-product","3":"status-publish","4":"has-post-thumbnail","6":"product_cat-muebles","8":"first","9":"instock","10":"sale","11":"shipping-taxable","12":"purchasable","13":"product-type-simple"},"aioseo_notices":[],"_links":{"self":[{"href":"https:\/\/modestihouse.com\/index.php\/wp-json\/wp\/v2\/product\/29287","targetHints":{"allow":["GET"]}}],"collection":[{"href":"https:\/\/modestihouse.com\/index.php\/wp-json\/wp\/v2\/product"}],"about":[{"href":"https:\/\/modestihouse.com\/index.php\/wp-json\/wp\/v2\/types\/product"}],"wp:featuredmedia":[{"embeddable":true,"href":"https:\/\/modestihouse.com\/index.php\/wp-json\/wp\/v2\/media\/29327"}],"wp:attachment":[{"href":"https:\/\/modestihouse.com\/index.php\/wp-json\/wp\/v2\/media?parent=29287"}],"wp:term":[{"taxonomy":"product_brand","embeddable":true,"href":"https:\/\/modestihouse.com\/index.php\/wp-json\/wp\/v2\/product_brand?post=29287"},{"taxonomy":"product_cat","embeddable":true,"href":"https:\/\/modestihouse.com\/index.php\/wp-json\/wp\/v2\/product_cat?post=29287"},{"taxonomy":"product_tag","embeddable":true,"href":"https:\/\/modestihouse.com\/index.php\/wp-json\/wp\/v2\/product_tag?post=29287"}],"curies":[{"name":"wp","href":"https:\/\/api.w.org\/{rel}","templated":true}]}}