{"id":29299,"date":"2024-10-08T09:05:53","date_gmt":"2024-10-08T07:05:53","guid":{"rendered":"https:\/\/modestihouse.com\/?post_type=product&#038;p=29299"},"modified":"2024-10-08T09:08:18","modified_gmt":"2024-10-08T07:08:18","slug":"mesa-centro-elevable-elsa","status":"publish","type":"product","link":"https:\/\/modestihouse.com\/index.php\/producto\/mesa-centro-elevable-elsa\/","title":{"rendered":"Mesa Centro Elevable Elsa"},"content":{"rendered":"<p>&nbsp;<\/p>\n<p>&nbsp;<\/p>\n<p><img decoding=\"async\" src=\"https:\/\/muebles1click.com\/img\/cms\/mesas%20y%20sillas\/A018_GALA%20medidas.jpg\" alt=\"\" width=\"340\" height=\"234\" \/><\/p>\n<p>&nbsp;<\/p>\n<p><strong>CARACTER\u00cdSTICAS:<\/strong><\/p>\n<p>Los herrajes son met\u00e1licos.<\/p>\n<p>Melamina contrachapada de buena calidad.<\/p>\n<p>&nbsp;<\/p>\n<p>&nbsp;<\/p>\n<p><strong>COLOR:<\/strong><\/p>\n<p>Blanco, cambria, wengu\u00e9 y nogal<\/p>\n<p><strong>\u00a0<\/strong><\/p>\n<p><strong>\u00a0<\/strong><\/p>\n<p><strong>FORMATO DEL PRODUCTO:<\/strong><\/p>\n<p>Mueble en formato KIT. El producto llega completamente desmontado a casa del cliente<\/p>\n<p>El formato kit facilita el transporte de la mercanc\u00eda.<\/p>\n<p>El mueble incluye todo lo necesario para su instalaci\u00f3n: manual con instrucciones claras y sencillas y las piezas necesarias para realizar el montaje.<\/p>\n<p>&nbsp;<\/p>\n<p>&nbsp;<\/p>\n<p><strong>ENV\u00cdO Y PLAZO DE ENTREGA:<\/strong><\/p>\n<p>No se env\u00eda ni se entrega en festivos ni fines de semana.<\/p>\n<p><strong>Env\u00edo est\u00e1ndar:<\/strong> 24\/72 horas.<\/p>\n<p>&nbsp;<\/p>\n<p><strong>MONTAJE:<\/strong><\/p>\n<p>El precio\u00a0 incluye el montaje.<\/p>\n<p>&nbsp;<\/p>\n<p>Es\u00a0<strong>MUY IMPORTANTE<\/strong>\u00a0que midas los huecos de tu casa para comprobar que el producto entra en el domicilio sin problemas.<\/p>\n","protected":false},"excerpt":{"rendered":"<p>La mesa de centro elevable modelo Elsa destaca por su bajo precio. Es un modelo b\u00e1sico, elegante y muy funcional, gracias al tablero elevable y al hueco que se deja en su interior permitiendo almacenaje. Fabricada en tableros melam\u00ednicos de alta calidad, est\u00e1 disponible en los colores: blanco, cambria, wengu\u00e9 y nogal. Se sirve en KIT. Elementos decorativos no incluidos.<\/p>\n","protected":false},"featured_media":29356,"template":"","meta":[],"product_brand":[],"product_cat":[80,79],"product_tag":[],"class_list":{"0":"post-29299","1":"product","2":"type-product","3":"status-publish","4":"has-post-thumbnail","6":"product_cat-mesas","7":"product_cat-mesas-de-centro","9":"first","10":"instock","11":"shipping-taxable","12":"purchasable","13":"product-type-variable"},"aioseo_notices":[],"_links":{"self":[{"href":"https:\/\/modestihouse.com\/index.php\/wp-json\/wp\/v2\/product\/29299","targetHints":{"allow":["GET"]}}],"collection":[{"href":"https:\/\/modestihouse.com\/index.php\/wp-json\/wp\/v2\/product"}],"about":[{"href":"https:\/\/modestihouse.com\/index.php\/wp-json\/wp\/v2\/types\/product"}],"wp:featuredmedia":[{"embeddable":true,"href":"https:\/\/modestihouse.com\/index.php\/wp-json\/wp\/v2\/media\/29356"}],"wp:attachment":[{"href":"https:\/\/modestihouse.com\/index.php\/wp-json\/wp\/v2\/media?parent=29299"}],"wp:term":[{"taxonomy":"product_brand","embeddable":true,"href":"https:\/\/modestihouse.com\/index.php\/wp-json\/wp\/v2\/product_brand?post=29299"},{"taxonomy":"product_cat","embeddable":true,"href":"https:\/\/modestihouse.com\/index.php\/wp-json\/wp\/v2\/product_cat?post=29299"},{"taxonomy":"product_tag","embeddable":true,"href":"https:\/\/modestihouse.com\/index.php\/wp-json\/wp\/v2\/product_tag?post=29299"}],"curies":[{"name":"wp","href":"https:\/\/api.w.org\/{rel}","templated":true}]}}