{"id":29410,"date":"2024-10-08T09:09:21","date_gmt":"2024-10-08T07:09:21","guid":{"rendered":"https:\/\/modestihouse.com\/?post_type=product&#038;p=29410"},"modified":"2024-10-08T09:10:03","modified_gmt":"2024-10-08T07:10:03","slug":"pack-prada","status":"publish","type":"product","link":"https:\/\/modestihouse.com\/index.php\/producto\/pack-prada\/","title":{"rendered":"PACK PRADA"},"content":{"rendered":"<p>Colch\u00f3n n\u00facleo de Etter HR densidad alta, acolchado superior en viscoel\u00e1stica, Etter super soft de alta densidad y con visco y tejido strech forma carbono y en cara inferior rejilla 3d air merengo de m\u00e1xima transpiraci\u00f3n, platabanda acolchada en tejido microfibra gris dibujo a cuadros y burlete de dise\u00f1o a juego + canap\u00e9 abatible de madera disponible en varios colores con 4 aireadores en la tapa y tejido 3d beige.<\/p>\n","protected":false},"excerpt":{"rendered":"<p>Colch\u00f3n PRADA carbono 25cm de altura + canap\u00e9 abatible de madera disponible en varios colores con 4 aireadores en la tapa y tejido 3d beige.<\/p>\n","protected":false},"featured_media":29447,"template":"","meta":[],"product_brand":[],"product_cat":[105],"product_tag":[],"class_list":{"0":"post-29410","1":"product","2":"type-product","3":"status-publish","4":"has-post-thumbnail","6":"product_cat-pack-colchoncanape","8":"first","9":"instock","10":"shipping-taxable","11":"purchasable","12":"product-type-variable"},"aioseo_notices":[],"_links":{"self":[{"href":"https:\/\/modestihouse.com\/index.php\/wp-json\/wp\/v2\/product\/29410","targetHints":{"allow":["GET"]}}],"collection":[{"href":"https:\/\/modestihouse.com\/index.php\/wp-json\/wp\/v2\/product"}],"about":[{"href":"https:\/\/modestihouse.com\/index.php\/wp-json\/wp\/v2\/types\/product"}],"wp:featuredmedia":[{"embeddable":true,"href":"https:\/\/modestihouse.com\/index.php\/wp-json\/wp\/v2\/media\/29447"}],"wp:attachment":[{"href":"https:\/\/modestihouse.com\/index.php\/wp-json\/wp\/v2\/media?parent=29410"}],"wp:term":[{"taxonomy":"product_brand","embeddable":true,"href":"https:\/\/modestihouse.com\/index.php\/wp-json\/wp\/v2\/product_brand?post=29410"},{"taxonomy":"product_cat","embeddable":true,"href":"https:\/\/modestihouse.com\/index.php\/wp-json\/wp\/v2\/product_cat?post=29410"},{"taxonomy":"product_tag","embeddable":true,"href":"https:\/\/modestihouse.com\/index.php\/wp-json\/wp\/v2\/product_tag?post=29410"}],"curies":[{"name":"wp","href":"https:\/\/api.w.org\/{rel}","templated":true}]}}