{"id":29471,"date":"2024-10-08T09:10:12","date_gmt":"2024-10-08T07:10:12","guid":{"rendered":"https:\/\/modestihouse.com\/?post_type=product&#038;p=29471"},"modified":"2024-10-08T09:10:36","modified_gmt":"2024-10-08T07:10:36","slug":"leo-pack-cama-articulada-visco","status":"publish","type":"product","link":"https:\/\/modestihouse.com\/index.php\/producto\/leo-pack-cama-articulada-visco\/","title":{"rendered":"LEO PACK CAMA ARTICULADA + VISCO"},"content":{"rendered":"<table>\n<tbody>\n<tr>\n<td>\n<h4>Caracter\u00edsticas T\u00e9cnicas<\/h4>\n<\/td>\n<td>\n<h4>Caracter\u00edsticas\u00a0Colch\u00f3n<\/h4>\n<\/td>\n<\/tr>\n<tr>\n<td>\n<ul>\n<li>Marco exterior en tubo de acero 60x20mm. doble oval.<\/li>\n<li>Marco interior en tubo de acero 30x30mm.<\/li>\n<li>Acabado en pintura epoxi anticorrosi\u00f3n color negro.<\/li>\n<li>Laminas en madera acabado rugoso antideslizante.<\/li>\n<li>5 Planos de articulaci\u00f3n por motor el\u00e9ctrico.<\/li>\n<li>Fijaci\u00f3n de l\u00e1minas sobre taco basculante silencioso.<\/li>\n<li>Mando a distancia.<\/li>\n<li>Arco met\u00e1lico para sujeci\u00f3n del colch\u00f3n.<\/li>\n<li>Acabado sin cantos vivos en toda la estructura.<\/li>\n<\/ul>\n<\/td>\n<td>\n<ul>\n<li>N\u00facleo HR. Densidad Media (25kg\/m3) + plancha de viscoel\u00e1stica 3cm.<\/li>\n<li>Descripci\u00f3n Funda Exterior.<\/li>\n<li>\u00a0 \u00a0 \u00a0Tejido Bolong.<\/li>\n<li>\u00a0 \u00a0 \u00a0Tapa superior e inferior en continuo termofijada 250gms\/m2.<\/li>\n<li>\u00a0 \u00a0 \u00a0Forro Interior en fliselina 30gms\/m2<\/li>\n<li>\u00a0 \u00a0 \u00a0Cremallera per\u00edmetro completo (2 cremalleras)<\/li>\n<li>\u00a0 \u00a0 \u00a0Platabanda Perforada 3D en Gris<\/li>\n<li>Descripci\u00f3n funda Interior.<\/li>\n<li>\u00a0 \u00a0 \u00a0Funda con cremallera en tejido poli\u00e9ster\/algod\u00f3n.<\/li>\n<li><strong>Altura Final: \u00b119cm<\/strong><\/li>\n<\/ul>\n<\/td>\n<\/tr>\n<\/tbody>\n<\/table>\n","protected":false},"excerpt":{"rendered":"<p>Somier El\u00e9ctrico + Colch\u00f3n viscoel\u00e1stico<\/p>\n","protected":false},"featured_media":29488,"template":"","meta":[],"product_brand":[],"product_cat":[110],"product_tag":[],"class_list":{"0":"post-29471","1":"product","2":"type-product","3":"status-publish","4":"has-post-thumbnail","6":"product_cat-camas-hospitalarias","8":"first","9":"instock","10":"shipping-taxable","11":"purchasable","12":"product-type-variable"},"aioseo_notices":[],"_links":{"self":[{"href":"https:\/\/modestihouse.com\/index.php\/wp-json\/wp\/v2\/product\/29471","targetHints":{"allow":["GET"]}}],"collection":[{"href":"https:\/\/modestihouse.com\/index.php\/wp-json\/wp\/v2\/product"}],"about":[{"href":"https:\/\/modestihouse.com\/index.php\/wp-json\/wp\/v2\/types\/product"}],"wp:featuredmedia":[{"embeddable":true,"href":"https:\/\/modestihouse.com\/index.php\/wp-json\/wp\/v2\/media\/29488"}],"wp:attachment":[{"href":"https:\/\/modestihouse.com\/index.php\/wp-json\/wp\/v2\/media?parent=29471"}],"wp:term":[{"taxonomy":"product_brand","embeddable":true,"href":"https:\/\/modestihouse.com\/index.php\/wp-json\/wp\/v2\/product_brand?post=29471"},{"taxonomy":"product_cat","embeddable":true,"href":"https:\/\/modestihouse.com\/index.php\/wp-json\/wp\/v2\/product_cat?post=29471"},{"taxonomy":"product_tag","embeddable":true,"href":"https:\/\/modestihouse.com\/index.php\/wp-json\/wp\/v2\/product_tag?post=29471"}],"curies":[{"name":"wp","href":"https:\/\/api.w.org\/{rel}","templated":true}]}}