{"id":29478,"date":"2024-10-08T09:10:14","date_gmt":"2024-10-08T07:10:14","guid":{"rendered":"https:\/\/modestihouse.com\/?post_type=product&#038;p=29478"},"modified":"2024-10-08T09:44:51","modified_gmt":"2024-10-08T07:44:51","slug":"colchon-prada-carbono","status":"publish","type":"product","link":"https:\/\/modestihouse.com\/index.php\/producto\/colchon-prada-carbono\/","title":{"rendered":"Colch\u00f3n Prada Carbono"},"content":{"rendered":"<p>Prada Carbono 25 es un colch\u00f3n con n\u00facleo Etter D\/25 Kg\/ M3. Acolchado en tapa superior viscoel\u00e1stico material dise\u00ad\u00f1ado para que tu descanso sea total + etter s\u00faper-soft alta densidad, se adapta al contorno del cuerpo en funci\u00f3n del peso volviendo siempre a su postura natural de forma lenta y suave reduciendo presiones durante el sue\u00f1o. Sistema de tapa a tapa en tejido strech farma carbono suave en cara superior y tejido rejilla 30 AIR marengo de m\u00e1xima transpiraci\u00f3n favoreciendo la circulaci\u00f3n del aire en cara in\u00adferior. Platabanda acolchada con sistema ultrasonidos con tejido microfibra gris dibujo cuadros y burlete de dise\u00f1o a juego.<\/p>\n<p>Altura total del colch\u00f3n 25 cm aprox.<\/p>\n","protected":false},"excerpt":{"rendered":"<p>Colch\u00f3n Mod. PRADA CARBONO, n\u00facleo de Etter HR densidad alta, alcolchado superior en viscoel\u00e1stica, Etter Super-Soft de alta densidad y con visco y tejido stretch farma carbono y en cara inferior rejilla 3D air marengo de m\u00e1xima transpiraci\u00f3n, platabanda acolchada en tejido microfibra gris dibujo a cuadros y burlete de dise\u00f1o a juego.<\/p>\n<p><img decoding=\"async\" class=\"size-medium wp-image-10588 aligncenter\" src=\"https:\/\/canarymuebles.com\/wp-content\/uploads\/2021\/09\/prada-cats-300x188.jpg\" alt=\"caracteristicas colchones\" width=\"300\" height=\"188\" \/><img decoding=\"async\" class=\"size-medium wp-image-10591 alignright\" src=\"https:\/\/canarymuebles.com\/wp-content\/uploads\/2021\/09\/prada-300x296.jpg\" alt=\"\" width=\"300\" height=\"296\" \/><\/p>\n<ul>\n<li>1.\u00a0\u00a0\u00a0 TEJIDO STRECH BLANCO<\/li>\n<li>2.\u00a0\u00a0\u00a0 VISCOEL\u00c1STICA AD<\/li>\n<li>3.\u00a0\u00a0\u00a0 S\u00daPER-SOFT AD<\/li>\n<li>4.\u00a0\u00a0\u00a0 FIBRA THERMO 150 GR<\/li>\n<li>5.\u00a0\u00a0\u00a0\u00a0TNT<\/li>\n<li>6.\u00a0\u00a0\u00a0 N\u00daCLEO ETTER D\/25 Kg\/m3<\/li>\n<li>7.\u00a0\u00a0\u00a0 TNT<\/li>\n<li>8.\u00a0\u00a0\u00a0 FIBRA THERMO 300 GR<\/li>\n<li>9.\u00a0\u00a0\u00a0 S\u00daPER SOFT AD<\/li>\n<li>10.\u00a0\u00a0TEJIDO REJILLA 3D AIR marengo<\/li>\n<li>\n<p align=\"left\">PLATABANDA ACOLCHADA<\/p>\n<p>sistema ultrasonidos tejido microfibra gris<\/li>\n<\/ul>\n<p>&nbsp;<\/p>\n","protected":false},"featured_media":29511,"template":"","meta":[],"product_brand":[],"product_cat":[111,112],"product_tag":[],"class_list":{"0":"post-29478","1":"product","2":"type-product","3":"status-publish","4":"has-post-thumbnail","6":"product_cat-colchones","7":"product_cat-colchones-hr","9":"first","10":"instock","11":"shipping-taxable","12":"purchasable","13":"product-type-variable"},"aioseo_notices":[],"_links":{"self":[{"href":"https:\/\/modestihouse.com\/index.php\/wp-json\/wp\/v2\/product\/29478","targetHints":{"allow":["GET"]}}],"collection":[{"href":"https:\/\/modestihouse.com\/index.php\/wp-json\/wp\/v2\/product"}],"about":[{"href":"https:\/\/modestihouse.com\/index.php\/wp-json\/wp\/v2\/types\/product"}],"wp:featuredmedia":[{"embeddable":true,"href":"https:\/\/modestihouse.com\/index.php\/wp-json\/wp\/v2\/media\/29511"}],"wp:attachment":[{"href":"https:\/\/modestihouse.com\/index.php\/wp-json\/wp\/v2\/media?parent=29478"}],"wp:term":[{"taxonomy":"product_brand","embeddable":true,"href":"https:\/\/modestihouse.com\/index.php\/wp-json\/wp\/v2\/product_brand?post=29478"},{"taxonomy":"product_cat","embeddable":true,"href":"https:\/\/modestihouse.com\/index.php\/wp-json\/wp\/v2\/product_cat?post=29478"},{"taxonomy":"product_tag","embeddable":true,"href":"https:\/\/modestihouse.com\/index.php\/wp-json\/wp\/v2\/product_tag?post=29478"}],"curies":[{"name":"wp","href":"https:\/\/api.w.org\/{rel}","templated":true}]}}