{"id":29607,"date":"2024-10-08T09:13:12","date_gmt":"2024-10-08T07:13:12","guid":{"rendered":"https:\/\/modestihouse.com\/?post_type=product&#038;p=29607"},"modified":"2024-10-08T09:14:31","modified_gmt":"2024-10-08T07:14:31","slug":"chelo-sillon-apilable","status":"publish","type":"product","link":"https:\/\/modestihouse.com\/index.php\/producto\/chelo-sillon-apilable\/","title":{"rendered":"CHELO SILLON APILABLE"},"content":{"rendered":"<p>CHELO Sill\u00f3n con estructura de aluminio recubierto de rat\u00e1n sint\u00e9tico de alta calidad trenzado, resistente a los rayos UV, 100% reciclable y resistente y repelente al agua de mar. Incluye coj\u00edn en tela Olefin.<\/p>\n<p>Peso: 4,0 Kg.<br \/>\nDimensiones: L55 x F63 x A77<br \/>\nApilable.<br \/>\nUso Interior\/Exterior.<br \/>\nNo Requiere montaje<br \/>\nColor Vintage V.<\/p>\n","protected":false},"excerpt":{"rendered":"<p>CHELO Sill\u00f3n con estructura de aluminio recubierto de rat\u00e1n sint\u00e9tico de alta calidad trenzado<\/p>\n","protected":false},"featured_media":29681,"template":"","meta":[],"product_brand":[],"product_cat":[148,157],"product_tag":[],"class_list":{"0":"post-29607","1":"product","2":"type-product","3":"status-publish","4":"has-post-thumbnail","6":"product_cat-exterior","7":"product_cat-silla-exterior","9":"first","10":"instock","11":"shipping-taxable","12":"purchasable","13":"product-type-simple"},"aioseo_notices":[],"_links":{"self":[{"href":"https:\/\/modestihouse.com\/index.php\/wp-json\/wp\/v2\/product\/29607","targetHints":{"allow":["GET"]}}],"collection":[{"href":"https:\/\/modestihouse.com\/index.php\/wp-json\/wp\/v2\/product"}],"about":[{"href":"https:\/\/modestihouse.com\/index.php\/wp-json\/wp\/v2\/types\/product"}],"wp:featuredmedia":[{"embeddable":true,"href":"https:\/\/modestihouse.com\/index.php\/wp-json\/wp\/v2\/media\/29681"}],"wp:attachment":[{"href":"https:\/\/modestihouse.com\/index.php\/wp-json\/wp\/v2\/media?parent=29607"}],"wp:term":[{"taxonomy":"product_brand","embeddable":true,"href":"https:\/\/modestihouse.com\/index.php\/wp-json\/wp\/v2\/product_brand?post=29607"},{"taxonomy":"product_cat","embeddable":true,"href":"https:\/\/modestihouse.com\/index.php\/wp-json\/wp\/v2\/product_cat?post=29607"},{"taxonomy":"product_tag","embeddable":true,"href":"https:\/\/modestihouse.com\/index.php\/wp-json\/wp\/v2\/product_tag?post=29607"}],"curies":[{"name":"wp","href":"https:\/\/api.w.org\/{rel}","templated":true}]}}