{"id":29628,"date":"2024-10-08T09:13:44","date_gmt":"2024-10-08T07:13:44","guid":{"rendered":"https:\/\/modestihouse.com\/?post_type=product&#038;p=29628"},"modified":"2024-10-08T09:14:53","modified_gmt":"2024-10-08T07:14:53","slug":"etna-sillon-alu","status":"publish","type":"product","link":"https:\/\/modestihouse.com\/index.php\/producto\/etna-sillon-alu\/","title":{"rendered":"ETNA SILLON ALU."},"content":{"rendered":"<p>Tejido Balliu: poli\u00e9ster plastificado, transpirable, resistente a los rayos UVA y con protecci\u00f3n antimicrobiana duradera, al tiempo que la protege contra la formaci\u00f3n de malos olores y la aparici\u00f3n de manchas producidas por la humedad. Se confecciona en modo termosoldado, por lo que se evitan los desgarros de la misma.<\/p>\n<p>Estructura: fabricadas con tubo de aluminio endurecido y acero inoxidable.<\/p>\n<p>Medidas:<\/p>\n<p>    L57 x F56,5 x A85<\/p>\n","protected":false},"excerpt":{"rendered":"<p>Tejido Balliu: poli\u00e9ster plastificado, transpirable, resistente a los rayos UVA<\/p>\n","protected":false},"featured_media":29703,"template":"","meta":[],"product_brand":[],"product_cat":[148,157],"product_tag":[],"class_list":{"0":"post-29628","1":"product","2":"type-product","3":"status-publish","4":"has-post-thumbnail","6":"product_cat-exterior","7":"product_cat-silla-exterior","9":"first","10":"instock","11":"shipping-taxable","12":"purchasable","13":"product-type-simple"},"aioseo_notices":[],"_links":{"self":[{"href":"https:\/\/modestihouse.com\/index.php\/wp-json\/wp\/v2\/product\/29628","targetHints":{"allow":["GET"]}}],"collection":[{"href":"https:\/\/modestihouse.com\/index.php\/wp-json\/wp\/v2\/product"}],"about":[{"href":"https:\/\/modestihouse.com\/index.php\/wp-json\/wp\/v2\/types\/product"}],"wp:featuredmedia":[{"embeddable":true,"href":"https:\/\/modestihouse.com\/index.php\/wp-json\/wp\/v2\/media\/29703"}],"wp:attachment":[{"href":"https:\/\/modestihouse.com\/index.php\/wp-json\/wp\/v2\/media?parent=29628"}],"wp:term":[{"taxonomy":"product_brand","embeddable":true,"href":"https:\/\/modestihouse.com\/index.php\/wp-json\/wp\/v2\/product_brand?post=29628"},{"taxonomy":"product_cat","embeddable":true,"href":"https:\/\/modestihouse.com\/index.php\/wp-json\/wp\/v2\/product_cat?post=29628"},{"taxonomy":"product_tag","embeddable":true,"href":"https:\/\/modestihouse.com\/index.php\/wp-json\/wp\/v2\/product_tag?post=29628"}],"curies":[{"name":"wp","href":"https:\/\/api.w.org\/{rel}","templated":true}]}}