{"id":29664,"date":"2024-10-08T09:14:14","date_gmt":"2024-10-08T07:14:14","guid":{"rendered":"https:\/\/modestihouse.com\/?post_type=product&#038;p=29664"},"modified":"2024-10-08T09:16:09","modified_gmt":"2024-10-08T07:16:09","slug":"serra-sillon","status":"publish","type":"product","link":"https:\/\/modestihouse.com\/index.php\/producto\/serra-sillon\/","title":{"rendered":"SERRA SILLON"},"content":{"rendered":"<p>SERRA Sill\u00f3n con estructura de aluminio recubierto de rat\u00e1n sint\u00e9tico de alta calidad trenzado, resistente a los rayos UV, 100% reciclable y resistente y repelente al agua de mar. Incluye coj\u00edn en poli\u00e9ster.<\/p>\n<p>Dimensiones: L57 x F61 x A86<br \/>\nPeso: 4,8 Kg.<br \/>\nApilable.<br \/>\nUso Interior\/Exterior.<br \/>\nNo Requiere montaje<br \/>\nColores Choco V, Vintage V, Natural<\/p>\n","protected":false},"excerpt":{"rendered":"<p>SERRA Sill\u00f3n con estructura de aluminio recubierto de rat\u00e1n sint\u00e9tico de alta calidad trenzado<\/p>\n","protected":false},"featured_media":29748,"template":"","meta":[],"product_brand":[],"product_cat":[148,157],"product_tag":[],"class_list":{"0":"post-29664","1":"product","2":"type-product","3":"status-publish","4":"has-post-thumbnail","6":"product_cat-exterior","7":"product_cat-silla-exterior","9":"first","10":"instock","11":"shipping-taxable","12":"purchasable","13":"product-type-variable"},"aioseo_notices":[],"_links":{"self":[{"href":"https:\/\/modestihouse.com\/index.php\/wp-json\/wp\/v2\/product\/29664","targetHints":{"allow":["GET"]}}],"collection":[{"href":"https:\/\/modestihouse.com\/index.php\/wp-json\/wp\/v2\/product"}],"about":[{"href":"https:\/\/modestihouse.com\/index.php\/wp-json\/wp\/v2\/types\/product"}],"wp:featuredmedia":[{"embeddable":true,"href":"https:\/\/modestihouse.com\/index.php\/wp-json\/wp\/v2\/media\/29748"}],"wp:attachment":[{"href":"https:\/\/modestihouse.com\/index.php\/wp-json\/wp\/v2\/media?parent=29664"}],"wp:term":[{"taxonomy":"product_brand","embeddable":true,"href":"https:\/\/modestihouse.com\/index.php\/wp-json\/wp\/v2\/product_brand?post=29664"},{"taxonomy":"product_cat","embeddable":true,"href":"https:\/\/modestihouse.com\/index.php\/wp-json\/wp\/v2\/product_cat?post=29664"},{"taxonomy":"product_tag","embeddable":true,"href":"https:\/\/modestihouse.com\/index.php\/wp-json\/wp\/v2\/product_tag?post=29664"}],"curies":[{"name":"wp","href":"https:\/\/api.w.org\/{rel}","templated":true}]}}