{"id":29743,"date":"2024-10-08T09:15:45","date_gmt":"2024-10-08T07:15:45","guid":{"rendered":"https:\/\/modestihouse.com\/?post_type=product&#038;p=29743"},"modified":"2024-10-08T09:17:42","modified_gmt":"2024-10-08T07:17:42","slug":"calma-sillon-1p","status":"publish","type":"product","link":"https:\/\/modestihouse.com\/index.php\/producto\/calma-sillon-1p\/","title":{"rendered":"CALMA SILLON 1P"},"content":{"rendered":"<p>CALMA sill\u00f3n 1 plaza con estructura de aluminio recubierto de rat\u00e1n sint\u00e9tico de alta calidad trenzado, resistente a los rayos UV, 100% reciclable y resistente y repelente al agua de mar. Cojines de asiento y respaldo en goma de 25Kg de densidad y tapicer\u00eda en Tejido Sunproof Wifer 180 y vivo Stinson 143 con tratamiento de protecci\u00f3n para rayos UV y repelente al agua.<\/p>\n<p>Medidas: L79 x F83 x A83<br \/>\nUso Interior\/Exterior.<br \/>\nNo Requiere montaje<br \/>\nColor \u00fanico<\/p>\n","protected":false},"excerpt":{"rendered":"<p>CALMA sill\u00f3n 1 plaza con estructura de aluminio recubierto de rat\u00e1n sint\u00e9tico de alta calidad trenzado<\/p>\n","protected":false},"featured_media":29811,"template":"","meta":[],"product_brand":[],"product_cat":[148,169],"product_tag":[],"class_list":{"0":"post-29743","1":"product","2":"type-product","3":"status-publish","4":"has-post-thumbnail","6":"product_cat-exterior","7":"product_cat-sofa-exterior","9":"first","10":"instock","11":"shipping-taxable","12":"purchasable","13":"product-type-simple"},"aioseo_notices":[],"_links":{"self":[{"href":"https:\/\/modestihouse.com\/index.php\/wp-json\/wp\/v2\/product\/29743","targetHints":{"allow":["GET"]}}],"collection":[{"href":"https:\/\/modestihouse.com\/index.php\/wp-json\/wp\/v2\/product"}],"about":[{"href":"https:\/\/modestihouse.com\/index.php\/wp-json\/wp\/v2\/types\/product"}],"wp:featuredmedia":[{"embeddable":true,"href":"https:\/\/modestihouse.com\/index.php\/wp-json\/wp\/v2\/media\/29811"}],"wp:attachment":[{"href":"https:\/\/modestihouse.com\/index.php\/wp-json\/wp\/v2\/media?parent=29743"}],"wp:term":[{"taxonomy":"product_brand","embeddable":true,"href":"https:\/\/modestihouse.com\/index.php\/wp-json\/wp\/v2\/product_brand?post=29743"},{"taxonomy":"product_cat","embeddable":true,"href":"https:\/\/modestihouse.com\/index.php\/wp-json\/wp\/v2\/product_cat?post=29743"},{"taxonomy":"product_tag","embeddable":true,"href":"https:\/\/modestihouse.com\/index.php\/wp-json\/wp\/v2\/product_tag?post=29743"}],"curies":[{"name":"wp","href":"https:\/\/api.w.org\/{rel}","templated":true}]}}