{"id":29747,"date":"2024-10-08T09:15:46","date_gmt":"2024-10-08T07:15:46","guid":{"rendered":"https:\/\/modestihouse.com\/?post_type=product&#038;p=29747"},"modified":"2024-10-08T09:17:54","modified_gmt":"2024-10-08T07:17:54","slug":"tekno-sofa-3p","status":"publish","type":"product","link":"https:\/\/modestihouse.com\/index.php\/producto\/tekno-sofa-3p\/","title":{"rendered":"TEKNO SOFA 3P"},"content":{"rendered":"<p>TEKNO Sof\u00e1 de 3 plazas, de aluminio pintado blanco y cojiner\u00eda de 10cm de grosor y 25Kg de densidad, tapicer\u00eda en Sunproof Cartenza 130 gris con tratamiento de protecci\u00f3n para rayos UV y repelente al agua, se incluyen las ri\u00f1oneras.<\/p>\n<p>Medidas: L214 x F76 x A68<br \/>\nUso Interior\/Exterior.<br \/>\nNo Requiere montaje.<br \/>\nColor \u00fanico.<\/p>\n","protected":false},"excerpt":{"rendered":"<p>TEKNO Sof\u00e1 de 3 plazas, de aluminio pintado blanco <\/p>\n","protected":false},"featured_media":29829,"template":"","meta":[],"product_brand":[],"product_cat":[148,169],"product_tag":[],"class_list":{"0":"post-29747","1":"product","2":"type-product","3":"status-publish","4":"has-post-thumbnail","6":"product_cat-exterior","7":"product_cat-sofa-exterior","9":"first","10":"instock","11":"shipping-taxable","12":"purchasable","13":"product-type-simple"},"aioseo_notices":[],"_links":{"self":[{"href":"https:\/\/modestihouse.com\/index.php\/wp-json\/wp\/v2\/product\/29747","targetHints":{"allow":["GET"]}}],"collection":[{"href":"https:\/\/modestihouse.com\/index.php\/wp-json\/wp\/v2\/product"}],"about":[{"href":"https:\/\/modestihouse.com\/index.php\/wp-json\/wp\/v2\/types\/product"}],"wp:featuredmedia":[{"embeddable":true,"href":"https:\/\/modestihouse.com\/index.php\/wp-json\/wp\/v2\/media\/29829"}],"wp:attachment":[{"href":"https:\/\/modestihouse.com\/index.php\/wp-json\/wp\/v2\/media?parent=29747"}],"wp:term":[{"taxonomy":"product_brand","embeddable":true,"href":"https:\/\/modestihouse.com\/index.php\/wp-json\/wp\/v2\/product_brand?post=29747"},{"taxonomy":"product_cat","embeddable":true,"href":"https:\/\/modestihouse.com\/index.php\/wp-json\/wp\/v2\/product_cat?post=29747"},{"taxonomy":"product_tag","embeddable":true,"href":"https:\/\/modestihouse.com\/index.php\/wp-json\/wp\/v2\/product_tag?post=29747"}],"curies":[{"name":"wp","href":"https:\/\/api.w.org\/{rel}","templated":true}]}}