{"id":29774,"date":"2024-10-08T09:16:42","date_gmt":"2024-10-08T07:16:42","guid":{"rendered":"https:\/\/modestihouse.com\/?post_type=product&#038;p=29774"},"modified":"2024-10-08T09:18:55","modified_gmt":"2024-10-08T07:18:55","slug":"eva-pro-tumbona","status":"publish","type":"product","link":"https:\/\/modestihouse.com\/index.php\/producto\/eva-pro-tumbona\/","title":{"rendered":"EVA PRO TUMBONA"},"content":{"rendered":"<p>Tumbona con tejido Balliu: poli\u00e9ster plastificado, transpirable, resistente a los rayos UVA y con protecci\u00f3n antimicrobiana duradera, al tiempo que la protege contra la formaci\u00f3n de malos olores y la aparici\u00f3n de manchas producidas por la humedad. Se confecciona en modo termosoldado, por lo que se evitan los desgarros de la misma.<\/p>\n<p>Estructura de la tumbona: resina de s\u00edntesis de polipropileno de primera generaci\u00f3n reforzada con carga mineral. Cuenta con un dise\u00f1o de nervaduras que garantiza la durabilidad de la estructura.<\/p>\n<p>Medidas:<\/p>\n<p>    L198 x F73 x A37<\/p>\n","protected":false},"excerpt":{"rendered":"<p>Tumbona con tejido Balliu: poli\u00e9ster plastificado, transpirable, resistente a los rayos UVA<\/p>\n","protected":false},"featured_media":29849,"template":"","meta":[],"product_brand":[],"product_cat":[148,172],"product_tag":[],"class_list":{"0":"post-29774","1":"product","2":"type-product","3":"status-publish","4":"has-post-thumbnail","6":"product_cat-exterior","7":"product_cat-tumbonas","9":"first","10":"instock","11":"shipping-taxable","12":"purchasable","13":"product-type-variable"},"aioseo_notices":[],"_links":{"self":[{"href":"https:\/\/modestihouse.com\/index.php\/wp-json\/wp\/v2\/product\/29774","targetHints":{"allow":["GET"]}}],"collection":[{"href":"https:\/\/modestihouse.com\/index.php\/wp-json\/wp\/v2\/product"}],"about":[{"href":"https:\/\/modestihouse.com\/index.php\/wp-json\/wp\/v2\/types\/product"}],"wp:featuredmedia":[{"embeddable":true,"href":"https:\/\/modestihouse.com\/index.php\/wp-json\/wp\/v2\/media\/29849"}],"wp:attachment":[{"href":"https:\/\/modestihouse.com\/index.php\/wp-json\/wp\/v2\/media?parent=29774"}],"wp:term":[{"taxonomy":"product_brand","embeddable":true,"href":"https:\/\/modestihouse.com\/index.php\/wp-json\/wp\/v2\/product_brand?post=29774"},{"taxonomy":"product_cat","embeddable":true,"href":"https:\/\/modestihouse.com\/index.php\/wp-json\/wp\/v2\/product_cat?post=29774"},{"taxonomy":"product_tag","embeddable":true,"href":"https:\/\/modestihouse.com\/index.php\/wp-json\/wp\/v2\/product_tag?post=29774"}],"curies":[{"name":"wp","href":"https:\/\/api.w.org\/{rel}","templated":true}]}}