{"id":30046,"date":"2024-10-08T09:23:45","date_gmt":"2024-10-08T07:23:45","guid":{"rendered":"https:\/\/modestihouse.com\/?post_type=product&#038;p=30046"},"modified":"2024-10-08T09:25:30","modified_gmt":"2024-10-08T07:25:30","slug":"corina-mesa-centro-t-cristal-pata-cromo","status":"publish","type":"product","link":"https:\/\/modestihouse.com\/index.php\/producto\/corina-mesa-centro-t-cristal-pata-cromo\/","title":{"rendered":"CORINA MESA CENTRO T\/CRISTAL PATA CROMO"},"content":{"rendered":"<p>Mesa centro fija cristal<\/p>\n<p>Con una resistente tapa de cristal templado de 8 mm de grosor sujeta por cuatro patas met\u00e1licas en color cromo 12&#215;5 cm, una mesa resistente y con un bonito dise\u00f1o. Lista para colocar entre el sof\u00e1 y el mueble de televisi\u00f3n.<\/p>\n<p>Color:<\/p>\n<p>    Encimera cristal<\/p>\n<p>Caracter\u00edsticas mesa centro Corina<\/p>\n<p>    Requiere montaje<br \/>\n    Cristal templado 8 mm<br \/>\n    Patas met\u00e1licas en color cromo<\/p>\n","protected":false},"excerpt":{"rendered":"<p>Mesa centro fija cristal<\/p>\n","protected":false},"featured_media":30139,"template":"","meta":[],"product_brand":[],"product_cat":[113,79,71],"product_tag":[],"class_list":{"0":"post-30046","1":"product","2":"type-product","3":"status-publish","4":"has-post-thumbnail","6":"product_cat-auxiliares","7":"product_cat-mesas-de-centro","8":"product_cat-muebles","10":"first","11":"instock","12":"shipping-taxable","13":"purchasable","14":"product-type-simple"},"aioseo_notices":[],"_links":{"self":[{"href":"https:\/\/modestihouse.com\/index.php\/wp-json\/wp\/v2\/product\/30046","targetHints":{"allow":["GET"]}}],"collection":[{"href":"https:\/\/modestihouse.com\/index.php\/wp-json\/wp\/v2\/product"}],"about":[{"href":"https:\/\/modestihouse.com\/index.php\/wp-json\/wp\/v2\/types\/product"}],"wp:featuredmedia":[{"embeddable":true,"href":"https:\/\/modestihouse.com\/index.php\/wp-json\/wp\/v2\/media\/30139"}],"wp:attachment":[{"href":"https:\/\/modestihouse.com\/index.php\/wp-json\/wp\/v2\/media?parent=30046"}],"wp:term":[{"taxonomy":"product_brand","embeddable":true,"href":"https:\/\/modestihouse.com\/index.php\/wp-json\/wp\/v2\/product_brand?post=30046"},{"taxonomy":"product_cat","embeddable":true,"href":"https:\/\/modestihouse.com\/index.php\/wp-json\/wp\/v2\/product_cat?post=30046"},{"taxonomy":"product_tag","embeddable":true,"href":"https:\/\/modestihouse.com\/index.php\/wp-json\/wp\/v2\/product_tag?post=30046"}],"curies":[{"name":"wp","href":"https:\/\/api.w.org\/{rel}","templated":true}]}}