{"id":30394,"date":"2024-10-08T09:32:28","date_gmt":"2024-10-08T07:32:28","guid":{"rendered":"https:\/\/modestihouse.com\/?post_type=product&#038;p=30394"},"modified":"2024-10-08T09:34:16","modified_gmt":"2024-10-08T07:34:16","slug":"corner-mesa-comedor-140-cm-cristal-p-cromo","status":"publish","type":"product","link":"https:\/\/modestihouse.com\/index.php\/producto\/corner-mesa-comedor-140-cm-cristal-p-cromo\/","title":{"rendered":"CORNER MESA COMEDOR 140 CM CRISTAL P\/CROMO"},"content":{"rendered":"<p>Dise\u00f1o, calidad y el mejor precio para esta bonita y funcional mesa de comedor con tapa de cristal transparente de 10 mm de grosor y patas met\u00e1licas en acabado cromo. Por la disposici\u00f3n de las patas que se colocan individualmente debajo de la tapa pueden comer c\u00f3modamente entre cuatro y seis personas.<\/p>\n<p>Color:<\/p>\n<p>    Cristal transparente<\/p>\n<p>Caracter\u00edsticas mesa sal\u00f3n Lugo<\/p>\n<p>    Requiere montaje<br \/>\n    Cristal templado 10 mm para la encimera<br \/>\n    Patas met\u00e1licas en color cromado<br \/>\n    Las sillas no est\u00e1n incluidas<\/p>\n<p>Medidas:<\/p>\n<p>    L140 x F80 x A75<\/p>\n","protected":false},"excerpt":{"rendered":"<p>Mesa Comedor<\/p>\n","protected":false},"featured_media":30489,"template":"","meta":[],"product_brand":[],"product_cat":[113,220,71],"product_tag":[],"class_list":{"0":"post-30394","1":"product","2":"type-product","3":"status-publish","4":"has-post-thumbnail","6":"product_cat-auxiliares","7":"product_cat-mesa-comedor","8":"product_cat-muebles","10":"first","11":"instock","12":"shipping-taxable","13":"purchasable","14":"product-type-simple"},"aioseo_notices":[],"_links":{"self":[{"href":"https:\/\/modestihouse.com\/index.php\/wp-json\/wp\/v2\/product\/30394","targetHints":{"allow":["GET"]}}],"collection":[{"href":"https:\/\/modestihouse.com\/index.php\/wp-json\/wp\/v2\/product"}],"about":[{"href":"https:\/\/modestihouse.com\/index.php\/wp-json\/wp\/v2\/types\/product"}],"wp:featuredmedia":[{"embeddable":true,"href":"https:\/\/modestihouse.com\/index.php\/wp-json\/wp\/v2\/media\/30489"}],"wp:attachment":[{"href":"https:\/\/modestihouse.com\/index.php\/wp-json\/wp\/v2\/media?parent=30394"}],"wp:term":[{"taxonomy":"product_brand","embeddable":true,"href":"https:\/\/modestihouse.com\/index.php\/wp-json\/wp\/v2\/product_brand?post=30394"},{"taxonomy":"product_cat","embeddable":true,"href":"https:\/\/modestihouse.com\/index.php\/wp-json\/wp\/v2\/product_cat?post=30394"},{"taxonomy":"product_tag","embeddable":true,"href":"https:\/\/modestihouse.com\/index.php\/wp-json\/wp\/v2\/product_tag?post=30394"}],"curies":[{"name":"wp","href":"https:\/\/api.w.org\/{rel}","templated":true}]}}