{"id":30551,"date":"2024-10-08T09:35:27","date_gmt":"2024-10-08T07:35:27","guid":{"rendered":"https:\/\/modestihouse.com\/?post_type=product&#038;p=30551"},"modified":"2024-10-08T09:37:08","modified_gmt":"2024-10-08T07:37:08","slug":"silla-norway","status":"publish","type":"product","link":"https:\/\/modestihouse.com\/index.php\/producto\/silla-norway\/","title":{"rendered":"SILLA NORWAY"},"content":{"rendered":"<p>\u2022 Silla Norway. Renueva tu comedor, sal\u00f3n, despacho o cualquier otra estancia de tu hogar con la silla de estilo n\u00f3rdico Norway. S\u00famate a las \u00faltimas tendencias en Decoraci\u00f3n y consigue un ambiente elegante, moderno y diferente salpicando el espacio con un toque actual.<\/p>\n<p>\u2022 Calidad. La silla Norway est\u00e1 fabricada con una estructura s\u00faper-resistente de acero con diferentes acabados que enfatizan su aspecto escandinavo, c\u00e1lido y sencillo a la vez. Su espacioso asiento y su respaldo envolvente, est\u00e1n acolchados mediante espuma y tapizados con agradables telas de diferentes estilos para que puedas elegir el que mejor se adapte a ti. Un art\u00edculo extremadamente c\u00f3modo gracias a su ergonom\u00eda y a su dise\u00f1o racional.<\/p>\n<p>\u2022 Cuidado y Mantenimiento. Para quitar las manchas en el producto, prepara una mezcla de agua y alcohol de botiqu\u00edn, moja una esponja suave (no abrasiva), exprime muy bien y pasa haciendo contacto, pero sin presionar sobre la mancha.<\/p>\n","protected":false},"excerpt":{"rendered":"<p> Silla Norway. Renueva tu comedor, sal\u00f3n, despacho o cualquier otra estancia de tu hogar<\/p>\n","protected":false},"featured_media":30634,"template":"","meta":[],"product_brand":[],"product_cat":[71,222],"product_tag":[],"class_list":{"0":"post-30551","1":"product","2":"type-product","3":"status-publish","4":"has-post-thumbnail","6":"product_cat-muebles","7":"product_cat-silla-comedor","9":"first","10":"instock","11":"shipping-taxable","12":"purchasable","13":"product-type-variable"},"aioseo_notices":[],"_links":{"self":[{"href":"https:\/\/modestihouse.com\/index.php\/wp-json\/wp\/v2\/product\/30551","targetHints":{"allow":["GET"]}}],"collection":[{"href":"https:\/\/modestihouse.com\/index.php\/wp-json\/wp\/v2\/product"}],"about":[{"href":"https:\/\/modestihouse.com\/index.php\/wp-json\/wp\/v2\/types\/product"}],"wp:featuredmedia":[{"embeddable":true,"href":"https:\/\/modestihouse.com\/index.php\/wp-json\/wp\/v2\/media\/30634"}],"wp:attachment":[{"href":"https:\/\/modestihouse.com\/index.php\/wp-json\/wp\/v2\/media?parent=30551"}],"wp:term":[{"taxonomy":"product_brand","embeddable":true,"href":"https:\/\/modestihouse.com\/index.php\/wp-json\/wp\/v2\/product_brand?post=30551"},{"taxonomy":"product_cat","embeddable":true,"href":"https:\/\/modestihouse.com\/index.php\/wp-json\/wp\/v2\/product_cat?post=30551"},{"taxonomy":"product_tag","embeddable":true,"href":"https:\/\/modestihouse.com\/index.php\/wp-json\/wp\/v2\/product_tag?post=30551"}],"curies":[{"name":"wp","href":"https:\/\/api.w.org\/{rel}","templated":true}]}}