{"id":30570,"date":"2024-10-08T09:35:54","date_gmt":"2024-10-08T07:35:54","guid":{"rendered":"https:\/\/modestihouse.com\/?post_type=product&#038;p=30570"},"modified":"2024-10-08T09:37:08","modified_gmt":"2024-10-08T07:37:08","slug":"beni-silla-comedor-tela","status":"publish","type":"product","link":"https:\/\/modestihouse.com\/index.php\/producto\/beni-silla-comedor-tela\/","title":{"rendered":"BENI SILLA COMEDOR TELA"},"content":{"rendered":"<p>Gris , Gris Oscuro y Marr\u00f3n<\/p>\n<p>Elegante silla de comedor, con asiento y respaldo tapizado tela y de tacto suave. Este tipo de tejido, es de gran resistencia al uso diario y se puede lavar a mano. Presenta un acabado en negro con patas met\u00e1licas en color negro. Dise\u00f1o moderno y ergon\u00f3mico, permitiendo una sentada c\u00f3moda y confortable. Cuenta adem\u00e1s con una resistente estructura de metal recubierta de pl\u00e1stico anti rayado para una mejor conservaci\u00f3n y con respaldo alto para que puedas apoyar la espalda en su totalidad. Resulta perfecta para combinar con cualquier mesa de cristal.<\/p>\n<p>Propiedades<\/p>\n<p>Silla de comedor<br \/>\nModelo: XS2059<br \/>\nTapizado en Tela<br \/>\nEstructura met\u00e1lica color negro<br \/>\nAsiento y respaldo alto<br \/>\nPatas recubiertas con pintura electroest\u00e1tica<br \/>\nDise\u00f1o moderno con l\u00edneas horizontales<br \/>\nMuy resistente al uso diario<br \/>\n6 unidades \/ caja<\/p>\n","protected":false},"excerpt":{"rendered":"<p>Elegante silla de comedor, con asiento y respaldo tapizado en s\u00edmil piel y de tacto suave.<\/p>\n","protected":false},"featured_media":30642,"template":"","meta":[],"product_brand":[],"product_cat":[71,222],"product_tag":[],"class_list":{"0":"post-30570","1":"product","2":"type-product","3":"status-publish","4":"has-post-thumbnail","6":"product_cat-muebles","7":"product_cat-silla-comedor","9":"first","10":"instock","11":"shipping-taxable","12":"purchasable","13":"product-type-variable"},"aioseo_notices":[],"_links":{"self":[{"href":"https:\/\/modestihouse.com\/index.php\/wp-json\/wp\/v2\/product\/30570","targetHints":{"allow":["GET"]}}],"collection":[{"href":"https:\/\/modestihouse.com\/index.php\/wp-json\/wp\/v2\/product"}],"about":[{"href":"https:\/\/modestihouse.com\/index.php\/wp-json\/wp\/v2\/types\/product"}],"wp:featuredmedia":[{"embeddable":true,"href":"https:\/\/modestihouse.com\/index.php\/wp-json\/wp\/v2\/media\/30642"}],"wp:attachment":[{"href":"https:\/\/modestihouse.com\/index.php\/wp-json\/wp\/v2\/media?parent=30570"}],"wp:term":[{"taxonomy":"product_brand","embeddable":true,"href":"https:\/\/modestihouse.com\/index.php\/wp-json\/wp\/v2\/product_brand?post=30570"},{"taxonomy":"product_cat","embeddable":true,"href":"https:\/\/modestihouse.com\/index.php\/wp-json\/wp\/v2\/product_cat?post=30570"},{"taxonomy":"product_tag","embeddable":true,"href":"https:\/\/modestihouse.com\/index.php\/wp-json\/wp\/v2\/product_tag?post=30570"}],"curies":[{"name":"wp","href":"https:\/\/api.w.org\/{rel}","templated":true}]}}