{"id":30573,"date":"2024-10-08T09:35:54","date_gmt":"2024-10-08T07:35:54","guid":{"rendered":"https:\/\/modestihouse.com\/?post_type=product&#038;p=30573"},"modified":"2024-10-08T09:37:34","modified_gmt":"2024-10-08T07:37:34","slug":"silla-briana-tela-pata-de-madera","status":"publish","type":"product","link":"https:\/\/modestihouse.com\/index.php\/producto\/silla-briana-tela-pata-de-madera\/","title":{"rendered":"Silla Briana Tela Pata de Madera"},"content":{"rendered":"<p>Las sillas de comedor tapizadas son una de las piezas claves para una buena decoraci\u00f3n en el sal\u00f3n. Su estructura tapizada en tela nos ayuda a crear un dise\u00f1o personal y moderno dentro de nuestro comedor.<\/p>\n<p>El modelo BRIANA es una de las sillas de comedor modernas. Puedes conseguirla en acabado color gris o beige, seg\u00fan la l\u00ednea de decoraci\u00f3n de tu sal\u00f3n, con patas met\u00e1licas en color madera, para ofrecer estabilidad y fuerza a la sentada.<\/p>\n<p>Caracter\u00edsticas:<\/p>\n<p>Tapizada con tejido de primera calidad.<br \/>\nPatas met\u00e1licas en acabado madera.<br \/>\nPensada para ofrecer una comodidad y confort absoluto.<br \/>\nEstilo moderno apto para gran variedad de ambientes.<\/p>\n<p>Instrucciones uso y mantenimiento:<\/p>\n<p>No aproximar a fuentes directas de calor<br \/>\nNo exponer a luz solar directa<br \/>\nPara una correcta conservaci\u00f3n y limpieza usar pa\u00f1o ligeramente h\u00famedo con jab\u00f3n neutro.<br \/>\nNo utilizar productos abrasivos como acetonas, lej\u00edas, disolventes, etc.<\/p>\n","protected":false},"excerpt":{"rendered":"<p>Las sillas de comedor tapizadas son una de las piezas claves para una buena decoraci\u00f3n en el sal\u00f3n<\/p>\n","protected":false},"featured_media":30650,"template":"","meta":[],"product_brand":[],"product_cat":[71,222],"product_tag":[],"class_list":{"0":"post-30573","1":"product","2":"type-product","3":"status-publish","4":"has-post-thumbnail","6":"product_cat-muebles","7":"product_cat-silla-comedor","9":"first","10":"instock","11":"shipping-taxable","12":"purchasable","13":"product-type-variable"},"aioseo_notices":[],"_links":{"self":[{"href":"https:\/\/modestihouse.com\/index.php\/wp-json\/wp\/v2\/product\/30573","targetHints":{"allow":["GET"]}}],"collection":[{"href":"https:\/\/modestihouse.com\/index.php\/wp-json\/wp\/v2\/product"}],"about":[{"href":"https:\/\/modestihouse.com\/index.php\/wp-json\/wp\/v2\/types\/product"}],"wp:featuredmedia":[{"embeddable":true,"href":"https:\/\/modestihouse.com\/index.php\/wp-json\/wp\/v2\/media\/30650"}],"wp:attachment":[{"href":"https:\/\/modestihouse.com\/index.php\/wp-json\/wp\/v2\/media?parent=30573"}],"wp:term":[{"taxonomy":"product_brand","embeddable":true,"href":"https:\/\/modestihouse.com\/index.php\/wp-json\/wp\/v2\/product_brand?post=30573"},{"taxonomy":"product_cat","embeddable":true,"href":"https:\/\/modestihouse.com\/index.php\/wp-json\/wp\/v2\/product_cat?post=30573"},{"taxonomy":"product_tag","embeddable":true,"href":"https:\/\/modestihouse.com\/index.php\/wp-json\/wp\/v2\/product_tag?post=30573"}],"curies":[{"name":"wp","href":"https:\/\/api.w.org\/{rel}","templated":true}]}}