{"id":30597,"date":"2024-10-08T09:36:21","date_gmt":"2024-10-08T07:36:21","guid":{"rendered":"https:\/\/modestihouse.com\/?post_type=product&#038;p=30597"},"modified":"2026-01-12T19:07:41","modified_gmt":"2026-01-12T18:07:41","slug":"nebraska-silla","status":"publish","type":"product","link":"https:\/\/modestihouse.com\/index.php\/producto\/nebraska-silla\/","title":{"rendered":"NEBRASKA SILLA"},"content":{"rendered":"<p>Silla de comedor robusta y r\u00fastica, hecha de madera, sencilla y muy resistente. Su estilo le permitir\u00e1 crear un ambiente hogare\u00f1o y actual al mismo tiempo.<\/p>\n<p>Propiedades:<\/p>\n<p>2 unidades por caja<\/p>\n","protected":false},"excerpt":{"rendered":"<p>Silla nebraska<\/p>\n","protected":false},"featured_media":30685,"template":"","meta":[],"product_brand":[],"product_cat":[71,222],"product_tag":[],"class_list":{"0":"post-30597","1":"product","2":"type-product","3":"status-publish","4":"has-post-thumbnail","6":"product_cat-muebles","7":"product_cat-silla-comedor","9":"first","10":"instock","11":"shipping-taxable","12":"purchasable","13":"product-type-simple"},"aioseo_notices":[],"_links":{"self":[{"href":"https:\/\/modestihouse.com\/index.php\/wp-json\/wp\/v2\/product\/30597","targetHints":{"allow":["GET"]}}],"collection":[{"href":"https:\/\/modestihouse.com\/index.php\/wp-json\/wp\/v2\/product"}],"about":[{"href":"https:\/\/modestihouse.com\/index.php\/wp-json\/wp\/v2\/types\/product"}],"wp:featuredmedia":[{"embeddable":true,"href":"https:\/\/modestihouse.com\/index.php\/wp-json\/wp\/v2\/media\/30685"}],"wp:attachment":[{"href":"https:\/\/modestihouse.com\/index.php\/wp-json\/wp\/v2\/media?parent=30597"}],"wp:term":[{"taxonomy":"product_brand","embeddable":true,"href":"https:\/\/modestihouse.com\/index.php\/wp-json\/wp\/v2\/product_brand?post=30597"},{"taxonomy":"product_cat","embeddable":true,"href":"https:\/\/modestihouse.com\/index.php\/wp-json\/wp\/v2\/product_cat?post=30597"},{"taxonomy":"product_tag","embeddable":true,"href":"https:\/\/modestihouse.com\/index.php\/wp-json\/wp\/v2\/product_tag?post=30597"}],"curies":[{"name":"wp","href":"https:\/\/api.w.org\/{rel}","templated":true}]}}