{"id":30598,"date":"2024-10-08T09:36:21","date_gmt":"2024-10-08T07:36:21","guid":{"rendered":"https:\/\/modestihouse.com\/?post_type=product&#038;p=30598"},"modified":"2024-10-08T09:37:34","modified_gmt":"2024-10-08T07:37:34","slug":"silla-nely","status":"publish","type":"product","link":"https:\/\/modestihouse.com\/index.php\/producto\/silla-nely\/","title":{"rendered":"SILLA NELY"},"content":{"rendered":"<p>Silla de estilo contempor\u00e1neo, con asiento y respaldo acolchado y tapizados en tejidos de diferentes colores. Patas de metal en negro. Un dise\u00f1o de vanguardia, vers\u00e1til y funcional, que podr\u00e1s ubicar en cualquier estancia de tu hogar.<\/p>\n<p>CARACTER\u00cdSTICAS:<\/p>\n<p>    Material Pata Metal, Tela Tapizado<br \/>\n    Estilo contempor\u00e1neo<br \/>\n    Se sirve desmontado<br \/>\n    Propiedades: 4 unidades por caja.<\/p>\n","protected":false},"excerpt":{"rendered":"<p>Silla de estilo contempor\u00e1neo, con asiento y respaldo acolchado y tapizados en tejidos de diferentes colores<\/p>\n","protected":false},"featured_media":30686,"template":"","meta":[],"product_brand":[],"product_cat":[71,222],"product_tag":[],"class_list":{"0":"post-30598","1":"product","2":"type-product","3":"status-publish","4":"has-post-thumbnail","6":"product_cat-muebles","7":"product_cat-silla-comedor","9":"first","10":"instock","11":"shipping-taxable","12":"purchasable","13":"product-type-variable"},"aioseo_notices":[],"_links":{"self":[{"href":"https:\/\/modestihouse.com\/index.php\/wp-json\/wp\/v2\/product\/30598","targetHints":{"allow":["GET"]}}],"collection":[{"href":"https:\/\/modestihouse.com\/index.php\/wp-json\/wp\/v2\/product"}],"about":[{"href":"https:\/\/modestihouse.com\/index.php\/wp-json\/wp\/v2\/types\/product"}],"wp:featuredmedia":[{"embeddable":true,"href":"https:\/\/modestihouse.com\/index.php\/wp-json\/wp\/v2\/media\/30686"}],"wp:attachment":[{"href":"https:\/\/modestihouse.com\/index.php\/wp-json\/wp\/v2\/media?parent=30598"}],"wp:term":[{"taxonomy":"product_brand","embeddable":true,"href":"https:\/\/modestihouse.com\/index.php\/wp-json\/wp\/v2\/product_brand?post=30598"},{"taxonomy":"product_cat","embeddable":true,"href":"https:\/\/modestihouse.com\/index.php\/wp-json\/wp\/v2\/product_cat?post=30598"},{"taxonomy":"product_tag","embeddable":true,"href":"https:\/\/modestihouse.com\/index.php\/wp-json\/wp\/v2\/product_tag?post=30598"}],"curies":[{"name":"wp","href":"https:\/\/api.w.org\/{rel}","templated":true}]}}