{"id":30629,"date":"2024-10-08T09:36:47","date_gmt":"2024-10-08T07:36:47","guid":{"rendered":"https:\/\/modestihouse.com\/?post_type=product&#038;p=30629"},"modified":"2024-10-08T09:38:00","modified_gmt":"2024-10-08T07:38:00","slug":"silla-alison","status":"publish","type":"product","link":"https:\/\/modestihouse.com\/index.php\/producto\/silla-alison\/","title":{"rendered":"SILLA ALISON"},"content":{"rendered":"<p>Silla de estilo contempor\u00e1neo, fabricada en piel sint\u00e9tica de diferentes colores y patas en cromo, una pieza muy actual, c\u00f3moda y con estilo.<\/p>\n<p>CARACTER\u00cdSTICAS:<\/p>\n<p>    Material Cromo, Piel sint\u00e9tica<br \/>\n    Estilo contempor\u00e1neo<br \/>\n    Se sirve desmontado<br \/>\n    Propiedades: 4 Unidades por caja.<\/p>\n","protected":false},"excerpt":{"rendered":"<p>Silla de estilo contempor\u00e1neo, fabricada en piel sint\u00e9tica de diferentes colores <\/p>\n","protected":false},"featured_media":30717,"template":"","meta":[],"product_brand":[],"product_cat":[71,222],"product_tag":[],"class_list":{"0":"post-30629","1":"product","2":"type-product","3":"status-publish","4":"has-post-thumbnail","6":"product_cat-muebles","7":"product_cat-silla-comedor","9":"first","10":"instock","11":"shipping-taxable","12":"purchasable","13":"product-type-variable"},"aioseo_notices":[],"_links":{"self":[{"href":"https:\/\/modestihouse.com\/index.php\/wp-json\/wp\/v2\/product\/30629","targetHints":{"allow":["GET"]}}],"collection":[{"href":"https:\/\/modestihouse.com\/index.php\/wp-json\/wp\/v2\/product"}],"about":[{"href":"https:\/\/modestihouse.com\/index.php\/wp-json\/wp\/v2\/types\/product"}],"wp:featuredmedia":[{"embeddable":true,"href":"https:\/\/modestihouse.com\/index.php\/wp-json\/wp\/v2\/media\/30717"}],"wp:attachment":[{"href":"https:\/\/modestihouse.com\/index.php\/wp-json\/wp\/v2\/media?parent=30629"}],"wp:term":[{"taxonomy":"product_brand","embeddable":true,"href":"https:\/\/modestihouse.com\/index.php\/wp-json\/wp\/v2\/product_brand?post=30629"},{"taxonomy":"product_cat","embeddable":true,"href":"https:\/\/modestihouse.com\/index.php\/wp-json\/wp\/v2\/product_cat?post=30629"},{"taxonomy":"product_tag","embeddable":true,"href":"https:\/\/modestihouse.com\/index.php\/wp-json\/wp\/v2\/product_tag?post=30629"}],"curies":[{"name":"wp","href":"https:\/\/api.w.org\/{rel}","templated":true}]}}