{"id":30664,"date":"2024-10-08T09:37:12","date_gmt":"2024-10-08T07:37:12","guid":{"rendered":"https:\/\/modestihouse.com\/?post_type=product&#038;p=30664"},"modified":"2024-10-08T09:38:37","modified_gmt":"2024-10-08T07:38:37","slug":"silla-sakura-p-cromo","status":"publish","type":"product","link":"https:\/\/modestihouse.com\/index.php\/producto\/silla-sakura-p-cromo\/","title":{"rendered":"SILLA SAKURA P\/CROMO"},"content":{"rendered":"<p>La silla modelo Sakura es una silla resistente y elegante, con tapizados de tela Jarama en dos posibilidades de color: marengo o beige. Silla de gran firmeza en la sentada y que combinar\u00e1 con facilidad con su ambiente de sal\u00f3n gracias a sus dos colores. Estructura cromada y tapizado en tejido Jarama de gran calidad.<\/p>\n<p>La silla Sakura carece de reposabrazos, con lo que la sensaci\u00f3n que ofrece es de pieza liviana y poco recargada. Tanto el asiento como respaldo est\u00e1n acolchados con espuma de gran calidad, ofreciendo una experiencia de m\u00e1ximo confort. Esta silla combina especialmente bien con muebles con estructura o detalles cromados.<\/p>\n<p>Caracter\u00edsticas:<\/p>\n<p>    Dise\u00f1o estilizado y elegante.<br \/>\n    Aspecto sofisticado: estructura cromada y respaldo de gran altura.<br \/>\n    Gran confort: asiento y respaldo acolchados.<br \/>\n    Suave al tacto: tapizado en tejido Jarama de gran calidad.<br \/>\n    Aspecto ligero: patas finas, silla sin reposabrazos.<br \/>\n    Combina especialmente bien con muebles cromados.<br \/>\n    Requiere montaje (incluye instrucciones y herrajes).<br \/>\n    Propiedades: 6 unidades por caja.<\/p>\n","protected":false},"excerpt":{"rendered":"<p>La silla modelo Sakura es una silla resistente y elegante, con tapizados de tela Jarama en dos posibilidades de color:<\/p>\n","protected":false},"featured_media":30753,"template":"","meta":[],"product_brand":[],"product_cat":[71,222],"product_tag":[],"class_list":{"0":"post-30664","1":"product","2":"type-product","3":"status-publish","4":"has-post-thumbnail","6":"product_cat-muebles","7":"product_cat-silla-comedor","9":"first","10":"instock","11":"shipping-taxable","12":"purchasable","13":"product-type-variable"},"aioseo_notices":[],"_links":{"self":[{"href":"https:\/\/modestihouse.com\/index.php\/wp-json\/wp\/v2\/product\/30664","targetHints":{"allow":["GET"]}}],"collection":[{"href":"https:\/\/modestihouse.com\/index.php\/wp-json\/wp\/v2\/product"}],"about":[{"href":"https:\/\/modestihouse.com\/index.php\/wp-json\/wp\/v2\/types\/product"}],"wp:featuredmedia":[{"embeddable":true,"href":"https:\/\/modestihouse.com\/index.php\/wp-json\/wp\/v2\/media\/30753"}],"wp:attachment":[{"href":"https:\/\/modestihouse.com\/index.php\/wp-json\/wp\/v2\/media?parent=30664"}],"wp:term":[{"taxonomy":"product_brand","embeddable":true,"href":"https:\/\/modestihouse.com\/index.php\/wp-json\/wp\/v2\/product_brand?post=30664"},{"taxonomy":"product_cat","embeddable":true,"href":"https:\/\/modestihouse.com\/index.php\/wp-json\/wp\/v2\/product_cat?post=30664"},{"taxonomy":"product_tag","embeddable":true,"href":"https:\/\/modestihouse.com\/index.php\/wp-json\/wp\/v2\/product_tag?post=30664"}],"curies":[{"name":"wp","href":"https:\/\/api.w.org\/{rel}","templated":true}]}}