{"id":30667,"date":"2024-10-08T09:37:13","date_gmt":"2024-10-08T07:37:13","guid":{"rendered":"https:\/\/modestihouse.com\/?post_type=product&#038;p=30667"},"modified":"2024-10-08T09:39:05","modified_gmt":"2024-10-08T07:39:05","slug":"silla-sweeden-comedor-pata-negra","status":"publish","type":"product","link":"https:\/\/modestihouse.com\/index.php\/producto\/silla-sweeden-comedor-pata-negra\/","title":{"rendered":"Silla Sweeden Comedor Pata Negra"},"content":{"rendered":"<p>La silla Sweeden en cualquiera de sus versiones de tapizados y acabados en su estructura, es una apuesta segura para espacios con decoraciones contempor\u00e1neas. Su estilo n\u00f3rdico, racional y s\u00f3lido hacen de esta silla un elemento excelente para cualquier espacio de tu hogar o negocio. Funcional y vers\u00e1til en su uso, no concede lugar a la duda en su relaci\u00f3n calidad-precio.<\/p>\n<p>Calidad<\/p>\n<p>Fabricada con una estructura s\u00faper resistente de tubo de acero en acabados lacado negro de estilo industrial. Acolchada mediante espuma de primera calidad y tapizada con agradables telas de diferentes colores; adaptable a diferentes estilos. Se embellece con costuras vistas que marcan el contorno de la silla. Su dise\u00f1o contempor\u00e1neo se completa aplicando en sus formas una ergonom\u00eda que le confiere al producto una comodidad de uso excelente.<\/p>\n<p>Cuidado y Mantenimiento<\/p>\n<p>Mezcla \u00bd litro de agua caliente con 3 cucharadas peque\u00f1as de jab\u00f3n neutro en una botella con pulverizador. Remueve bien la mezcla, apl\u00edcala de manera uniforme sin empapar la tela y utiliza una esponja suave para ir retirando la suciedad.<\/p>\n","protected":false},"excerpt":{"rendered":"<p>La silla Sweeden en cualquiera de sus versiones de tapizados y acabados en su estructura<\/p>\n","protected":false},"featured_media":30758,"template":"","meta":[],"product_brand":[],"product_cat":[71,222],"product_tag":[],"class_list":{"0":"post-30667","1":"product","2":"type-product","3":"status-publish","4":"has-post-thumbnail","6":"product_cat-muebles","7":"product_cat-silla-comedor","9":"first","10":"instock","11":"shipping-taxable","12":"purchasable","13":"product-type-variable"},"aioseo_notices":[],"_links":{"self":[{"href":"https:\/\/modestihouse.com\/index.php\/wp-json\/wp\/v2\/product\/30667","targetHints":{"allow":["GET"]}}],"collection":[{"href":"https:\/\/modestihouse.com\/index.php\/wp-json\/wp\/v2\/product"}],"about":[{"href":"https:\/\/modestihouse.com\/index.php\/wp-json\/wp\/v2\/types\/product"}],"wp:featuredmedia":[{"embeddable":true,"href":"https:\/\/modestihouse.com\/index.php\/wp-json\/wp\/v2\/media\/30758"}],"wp:attachment":[{"href":"https:\/\/modestihouse.com\/index.php\/wp-json\/wp\/v2\/media?parent=30667"}],"wp:term":[{"taxonomy":"product_brand","embeddable":true,"href":"https:\/\/modestihouse.com\/index.php\/wp-json\/wp\/v2\/product_brand?post=30667"},{"taxonomy":"product_cat","embeddable":true,"href":"https:\/\/modestihouse.com\/index.php\/wp-json\/wp\/v2\/product_cat?post=30667"},{"taxonomy":"product_tag","embeddable":true,"href":"https:\/\/modestihouse.com\/index.php\/wp-json\/wp\/v2\/product_tag?post=30667"}],"curies":[{"name":"wp","href":"https:\/\/api.w.org\/{rel}","templated":true}]}}