{"id":30699,"date":"2024-10-08T09:37:40","date_gmt":"2024-10-08T07:37:40","guid":{"rendered":"https:\/\/modestihouse.com\/?post_type=product&#038;p=30699"},"modified":"2024-10-08T09:39:33","modified_gmt":"2024-10-08T07:39:33","slug":"new-scarlet-silla","status":"publish","type":"product","link":"https:\/\/modestihouse.com\/index.php\/producto\/new-scarlet-silla\/","title":{"rendered":"NEW SCARLET SILLA"},"content":{"rendered":"<p>La silla SCARLET tiene un dise\u00f1o vers\u00e1til que se adapta a cualquier estancia: comedor, sal\u00f3n, dormitorio o donde necesites un toque de dise\u00f1o extra. Con patas en haya. Con alcolchado en el asiento para un m\u00e1ximo confort. Tapizada en polipropileno, colores blanco y gris.<\/p>\n<p>Propiedades:<\/p>\n<p>    4 unidades \/ caja<\/p>\n","protected":false},"excerpt":{"rendered":"<p>La silla SCARLET tiene un dise\u00f1o vers\u00e1til que se adapta a cualquier estancia: comedor<\/p>\n","protected":false},"featured_media":30799,"template":"","meta":[],"product_brand":[],"product_cat":[71,222],"product_tag":[],"class_list":{"0":"post-30699","1":"product","2":"type-product","3":"status-publish","4":"has-post-thumbnail","6":"product_cat-muebles","7":"product_cat-silla-comedor","9":"first","10":"instock","11":"shipping-taxable","12":"purchasable","13":"product-type-variable"},"aioseo_notices":[],"_links":{"self":[{"href":"https:\/\/modestihouse.com\/index.php\/wp-json\/wp\/v2\/product\/30699","targetHints":{"allow":["GET"]}}],"collection":[{"href":"https:\/\/modestihouse.com\/index.php\/wp-json\/wp\/v2\/product"}],"about":[{"href":"https:\/\/modestihouse.com\/index.php\/wp-json\/wp\/v2\/types\/product"}],"wp:featuredmedia":[{"embeddable":true,"href":"https:\/\/modestihouse.com\/index.php\/wp-json\/wp\/v2\/media\/30799"}],"wp:attachment":[{"href":"https:\/\/modestihouse.com\/index.php\/wp-json\/wp\/v2\/media?parent=30699"}],"wp:term":[{"taxonomy":"product_brand","embeddable":true,"href":"https:\/\/modestihouse.com\/index.php\/wp-json\/wp\/v2\/product_brand?post=30699"},{"taxonomy":"product_cat","embeddable":true,"href":"https:\/\/modestihouse.com\/index.php\/wp-json\/wp\/v2\/product_cat?post=30699"},{"taxonomy":"product_tag","embeddable":true,"href":"https:\/\/modestihouse.com\/index.php\/wp-json\/wp\/v2\/product_tag?post=30699"}],"curies":[{"name":"wp","href":"https:\/\/api.w.org\/{rel}","templated":true}]}}