{"id":30790,"date":"2024-10-08T09:39:10","date_gmt":"2024-10-08T07:39:10","guid":{"rendered":"https:\/\/modestihouse.com\/?post_type=product&#038;p=30790"},"modified":"2024-10-08T09:40:40","modified_gmt":"2024-10-08T07:40:40","slug":"sillon-gretel","status":"publish","type":"product","link":"https:\/\/modestihouse.com\/index.php\/producto\/sillon-gretel\/","title":{"rendered":"SILLON GRETEL"},"content":{"rendered":"<p>&#8216;<\/p>\n<p>Sill\u00f3n de estilo contempor\u00e1neo, las patas son met\u00e1licas en color negro, y tapizado en una agradable tela en colores diferentes, una pieza c\u00f3moda que invita al descanso.<\/p>\n<p>CARACTER\u00cdSTICAS:<\/p>\n<p>    Material Pata metal, Tela<br \/>\n    Estilo contempor\u00e1neo<br \/>\n    Se sirve desmontado <\/p>\n<p>Medidas:<\/p>\n<p>    L73 x F82 x A46 \/ 62 \/ 98<\/p>\n","protected":false},"excerpt":{"rendered":"<p>Sill\u00f3n de estilo contempor\u00e1neo, las patas son met\u00e1licas en color negro,<\/p>\n","protected":false},"featured_media":30849,"template":"","meta":[],"product_brand":[],"product_cat":[229],"product_tag":[],"class_list":{"0":"post-30790","1":"product","2":"type-product","3":"status-publish","4":"has-post-thumbnail","6":"product_cat-butacas","8":"first","9":"instock","10":"shipping-taxable","11":"purchasable","12":"product-type-variable"},"aioseo_notices":[],"_links":{"self":[{"href":"https:\/\/modestihouse.com\/index.php\/wp-json\/wp\/v2\/product\/30790","targetHints":{"allow":["GET"]}}],"collection":[{"href":"https:\/\/modestihouse.com\/index.php\/wp-json\/wp\/v2\/product"}],"about":[{"href":"https:\/\/modestihouse.com\/index.php\/wp-json\/wp\/v2\/types\/product"}],"wp:featuredmedia":[{"embeddable":true,"href":"https:\/\/modestihouse.com\/index.php\/wp-json\/wp\/v2\/media\/30849"}],"wp:attachment":[{"href":"https:\/\/modestihouse.com\/index.php\/wp-json\/wp\/v2\/media?parent=30790"}],"wp:term":[{"taxonomy":"product_brand","embeddable":true,"href":"https:\/\/modestihouse.com\/index.php\/wp-json\/wp\/v2\/product_brand?post=30790"},{"taxonomy":"product_cat","embeddable":true,"href":"https:\/\/modestihouse.com\/index.php\/wp-json\/wp\/v2\/product_cat?post=30790"},{"taxonomy":"product_tag","embeddable":true,"href":"https:\/\/modestihouse.com\/index.php\/wp-json\/wp\/v2\/product_tag?post=30790"}],"curies":[{"name":"wp","href":"https:\/\/api.w.org\/{rel}","templated":true}]}}