{"id":30794,"date":"2024-10-08T09:39:10","date_gmt":"2024-10-08T07:39:10","guid":{"rendered":"https:\/\/modestihouse.com\/?post_type=product&#038;p=30794"},"modified":"2024-10-08T09:40:29","modified_gmt":"2024-10-08T07:40:29","slug":"pack-cama-articulada-colchon-visco-perfilado","status":"publish","type":"product","link":"https:\/\/modestihouse.com\/index.php\/producto\/pack-cama-articulada-colchon-visco-perfilado\/","title":{"rendered":"Pack Cama Articulada + Colch\u00f3n Visco Perfilado"},"content":{"rendered":"<p>Caracter\u00edsticas T\u00e9cnicas<\/p>\n<p>Caracter\u00edsticas Colch\u00f3n<\/p>\n<p>Marco exterior en tubo de acero 60x20mm. doble oval.<br \/>\nMarco interior en tubo de acero 30x30mm.<br \/>\nAcabado en pintura epoxi anticorrosi\u00f3n color negro.<br \/>\nLaminas en madera acabado rugoso antideslizante.<br \/>\n5 Planos de articulaci\u00f3n por motor el\u00e9ctrico.<br \/>\nFijaci\u00f3n de l\u00e1minas sobre taco basculante silencioso.<br \/>\nMando a distancia.<br \/>\nArco met\u00e1lico para sujeci\u00f3n del colch\u00f3n.<br \/>\nAcabado sin cantos vivos en toda la estructura.<\/p>\n<p>Caracter\u00edsticas Colch\u00f3n<\/p>\n<p>N\u00facleo HR. Densidad Media (25kg\/m3) + plancha de viscoel\u00e1stica 3cm.<br \/>\nDescripci\u00f3n Funda Exterior.<br \/>\nTejido Bolong.<br \/>\nTapa superior e inferior en continuo termofijada 250gms\/m2.<br \/>\nForro Interior en fliselina 30gms\/m2<br \/>\nCremallera per\u00edmetro completo (2 cremalleras)<br \/>\nPlatabanda Perforada 3D en Gris<br \/>\nDescripci\u00f3n funda Interior.<br \/>\nFunda con cremallera en tejido poli\u00e9ster\/algod\u00f3n.<br \/>\nAltura Final: \u00b119cm<\/p>\n","protected":false},"excerpt":{"rendered":"<p>Pack somier articulado<\/p>\n","protected":false},"featured_media":30853,"template":"","meta":[],"product_brand":[],"product_cat":[230,231,232],"product_tag":[],"class_list":{"0":"post-30794","1":"product","2":"type-product","3":"status-publish","4":"has-post-thumbnail","6":"product_cat-ortopedia","7":"product_cat-somier-articulado","8":"product_cat-somieres","10":"first","11":"instock","12":"shipping-taxable","13":"purchasable","14":"product-type-simple"},"aioseo_notices":[],"_links":{"self":[{"href":"https:\/\/modestihouse.com\/index.php\/wp-json\/wp\/v2\/product\/30794","targetHints":{"allow":["GET"]}}],"collection":[{"href":"https:\/\/modestihouse.com\/index.php\/wp-json\/wp\/v2\/product"}],"about":[{"href":"https:\/\/modestihouse.com\/index.php\/wp-json\/wp\/v2\/types\/product"}],"wp:featuredmedia":[{"embeddable":true,"href":"https:\/\/modestihouse.com\/index.php\/wp-json\/wp\/v2\/media\/30853"}],"wp:attachment":[{"href":"https:\/\/modestihouse.com\/index.php\/wp-json\/wp\/v2\/media?parent=30794"}],"wp:term":[{"taxonomy":"product_brand","embeddable":true,"href":"https:\/\/modestihouse.com\/index.php\/wp-json\/wp\/v2\/product_brand?post=30794"},{"taxonomy":"product_cat","embeddable":true,"href":"https:\/\/modestihouse.com\/index.php\/wp-json\/wp\/v2\/product_cat?post=30794"},{"taxonomy":"product_tag","embeddable":true,"href":"https:\/\/modestihouse.com\/index.php\/wp-json\/wp\/v2\/product_tag?post=30794"}],"curies":[{"name":"wp","href":"https:\/\/api.w.org\/{rel}","templated":true}]}}