{"id":30887,"date":"2024-10-08T09:41:09","date_gmt":"2024-10-08T07:41:09","guid":{"rendered":"https:\/\/modestihouse.com\/?post_type=product&#038;p=30887"},"modified":"2024-10-08T09:42:06","modified_gmt":"2024-10-08T07:42:06","slug":"venus-cabecero-suelo-tela-nido","status":"publish","type":"product","link":"https:\/\/modestihouse.com\/index.php\/producto\/venus-cabecero-suelo-tela-nido\/","title":{"rendered":"VENUS CABECERO SUELO TELA NIDO"},"content":{"rendered":"<p>&#8216;<\/p>\n<p>El Cabecero Venus es un modelo moderno y elegante. Este modelo, pone la firma a la decoraci\u00f3n de la habitaci\u00f3n con un tapizado lineal y ajustado a las \u00faltimas tendencias.<\/p>\n<p>Disponible en varios tejidos y colores para adaptarlo a la decoracion de tu hogar y hacerla \u00fanica.<\/p>\n","protected":false},"excerpt":{"rendered":"<p>El Cabecero Venus es un modelo moderno y elegante.<\/p>\n","protected":false},"featured_media":30923,"template":"","meta":[],"product_brand":[],"product_cat":[233,72,71],"product_tag":[],"class_list":{"0":"post-30887","1":"product","2":"type-product","3":"status-publish","4":"has-post-thumbnail","6":"product_cat-cabecero","7":"product_cat-dormitorios-de-matrimonio","8":"product_cat-muebles","10":"first","11":"instock","12":"shipping-taxable","13":"purchasable","14":"product-type-variable"},"aioseo_notices":[],"_links":{"self":[{"href":"https:\/\/modestihouse.com\/index.php\/wp-json\/wp\/v2\/product\/30887","targetHints":{"allow":["GET"]}}],"collection":[{"href":"https:\/\/modestihouse.com\/index.php\/wp-json\/wp\/v2\/product"}],"about":[{"href":"https:\/\/modestihouse.com\/index.php\/wp-json\/wp\/v2\/types\/product"}],"wp:featuredmedia":[{"embeddable":true,"href":"https:\/\/modestihouse.com\/index.php\/wp-json\/wp\/v2\/media\/30923"}],"wp:attachment":[{"href":"https:\/\/modestihouse.com\/index.php\/wp-json\/wp\/v2\/media?parent=30887"}],"wp:term":[{"taxonomy":"product_brand","embeddable":true,"href":"https:\/\/modestihouse.com\/index.php\/wp-json\/wp\/v2\/product_brand?post=30887"},{"taxonomy":"product_cat","embeddable":true,"href":"https:\/\/modestihouse.com\/index.php\/wp-json\/wp\/v2\/product_cat?post=30887"},{"taxonomy":"product_tag","embeddable":true,"href":"https:\/\/modestihouse.com\/index.php\/wp-json\/wp\/v2\/product_tag?post=30887"}],"curies":[{"name":"wp","href":"https:\/\/api.w.org\/{rel}","templated":true}]}}