{"id":30948,"date":"2024-10-08T09:42:12","date_gmt":"2024-10-08T07:42:12","guid":{"rendered":"https:\/\/modestihouse.com\/?post_type=product&#038;p=30948"},"modified":"2024-10-08T09:43:29","modified_gmt":"2024-10-08T07:43:29","slug":"romantica-cabezal-s90-multicolor","status":"publish","type":"product","link":"https:\/\/modestihouse.com\/index.php\/producto\/romantica-cabezal-s90-multicolor\/","title":{"rendered":"ROMANTICA CABEZAL S90 MULTICOLOR"},"content":{"rendered":"<p>Cabezal Rom\u00e1ntica, cabecero de cama individual realizado en madera de pino multicolor. Lacado en color blanco, con tres plafones horizontales de diferentes colores en acabado decapado. Cuidados detalles, calidad, dise\u00f1o, maestr\u00eda artesana, estilo y belleza definen al cabezal Rom\u00e1ntica.<\/p>\n<p>Gracias a su l\u00edneas simples y rectas podemos adaptar en numerosos ambientes decorativos.<\/p>\n<p>Para colch\u00f3n 90 x 190\/200 cm.<\/p>\n<p>Medidas:<\/p>\n<p>    L105 x F4 x A112<\/p>\n","protected":false},"excerpt":{"rendered":"<p>Cabezal Rom\u00e1ntica, cabecero de cama individual<\/p>\n","protected":false},"featured_media":31004,"template":"","meta":[],"product_brand":[],"product_cat":[233,72,71],"product_tag":[],"class_list":{"0":"post-30948","1":"product","2":"type-product","3":"status-publish","4":"has-post-thumbnail","6":"product_cat-cabecero","7":"product_cat-dormitorios-de-matrimonio","8":"product_cat-muebles","10":"first","11":"instock","12":"shipping-taxable","13":"purchasable","14":"product-type-simple"},"aioseo_notices":[],"_links":{"self":[{"href":"https:\/\/modestihouse.com\/index.php\/wp-json\/wp\/v2\/product\/30948","targetHints":{"allow":["GET"]}}],"collection":[{"href":"https:\/\/modestihouse.com\/index.php\/wp-json\/wp\/v2\/product"}],"about":[{"href":"https:\/\/modestihouse.com\/index.php\/wp-json\/wp\/v2\/types\/product"}],"wp:featuredmedia":[{"embeddable":true,"href":"https:\/\/modestihouse.com\/index.php\/wp-json\/wp\/v2\/media\/31004"}],"wp:attachment":[{"href":"https:\/\/modestihouse.com\/index.php\/wp-json\/wp\/v2\/media?parent=30948"}],"wp:term":[{"taxonomy":"product_brand","embeddable":true,"href":"https:\/\/modestihouse.com\/index.php\/wp-json\/wp\/v2\/product_brand?post=30948"},{"taxonomy":"product_cat","embeddable":true,"href":"https:\/\/modestihouse.com\/index.php\/wp-json\/wp\/v2\/product_cat?post=30948"},{"taxonomy":"product_tag","embeddable":true,"href":"https:\/\/modestihouse.com\/index.php\/wp-json\/wp\/v2\/product_tag?post=30948"}],"curies":[{"name":"wp","href":"https:\/\/api.w.org\/{rel}","templated":true}]}}