{"id":30996,"date":"2024-10-08T09:43:10","date_gmt":"2024-10-08T07:43:10","guid":{"rendered":"https:\/\/modestihouse.com\/?post_type=product&#038;p=30996"},"modified":"2024-10-08T10:00:22","modified_gmt":"2024-10-08T08:00:22","slug":"somier-cama-articulada","status":"publish","type":"product","link":"https:\/\/modestihouse.com\/index.php\/producto\/somier-cama-articulada\/","title":{"rendered":"Somier Cama articulada"},"content":{"rendered":"<p>Las camas articuladas est\u00e1n especialmente indicadas para personas que pasan mucho tiempo en cama, sobre todo, personas mayores y gente que debe guardar reposo. Permiten colocarse en distintas posiciones y aliviar tensiones del cuerpo, as\u00ed como facilitar los movimientos de los pacientes. Camas hospitalarias a tu alcance con las mejores garant\u00edas gracias a ModestiHouse. Una cama articulada el\u00e9ctrica para mejorar el descanso y la calidad de vida en tu hogar. Descubre los mejores precios y nuestros packs de cama articulada con colch\u00f3n.<\/p>\n","protected":false},"excerpt":{"rendered":"<p>Somier articulado<\/p>\n","protected":false},"featured_media":31049,"template":"","meta":[],"product_brand":[],"product_cat":[230,231,232],"product_tag":[],"class_list":{"0":"post-30996","1":"product","2":"type-product","3":"status-publish","4":"has-post-thumbnail","6":"product_cat-ortopedia","7":"product_cat-somier-articulado","8":"product_cat-somieres","10":"first","11":"instock","12":"shipping-taxable","13":"purchasable","14":"product-type-variable"},"aioseo_notices":[],"_links":{"self":[{"href":"https:\/\/modestihouse.com\/index.php\/wp-json\/wp\/v2\/product\/30996","targetHints":{"allow":["GET"]}}],"collection":[{"href":"https:\/\/modestihouse.com\/index.php\/wp-json\/wp\/v2\/product"}],"about":[{"href":"https:\/\/modestihouse.com\/index.php\/wp-json\/wp\/v2\/types\/product"}],"wp:featuredmedia":[{"embeddable":true,"href":"https:\/\/modestihouse.com\/index.php\/wp-json\/wp\/v2\/media\/31049"}],"wp:attachment":[{"href":"https:\/\/modestihouse.com\/index.php\/wp-json\/wp\/v2\/media?parent=30996"}],"wp:term":[{"taxonomy":"product_brand","embeddable":true,"href":"https:\/\/modestihouse.com\/index.php\/wp-json\/wp\/v2\/product_brand?post=30996"},{"taxonomy":"product_cat","embeddable":true,"href":"https:\/\/modestihouse.com\/index.php\/wp-json\/wp\/v2\/product_cat?post=30996"},{"taxonomy":"product_tag","embeddable":true,"href":"https:\/\/modestihouse.com\/index.php\/wp-json\/wp\/v2\/product_tag?post=30996"}],"curies":[{"name":"wp","href":"https:\/\/api.w.org\/{rel}","templated":true}]}}