{"id":31084,"date":"2024-10-08T09:44:57","date_gmt":"2024-10-08T07:44:57","guid":{"rendered":"https:\/\/modestihouse.com\/?post_type=product&#038;p=31084"},"modified":"2024-10-08T09:46:08","modified_gmt":"2024-10-08T07:46:08","slug":"dublin-3p-chaise-c-arcon","status":"publish","type":"product","link":"https:\/\/modestihouse.com\/index.php\/producto\/dublin-3p-chaise-c-arcon\/","title":{"rendered":"DUBLIN 3P + CHAISE C\/ARCON"},"content":{"rendered":"<p>&#8216;<br \/>\nChaise-longue de aspecto elegante, pero dotado de un cieto aire moderno, especialmente en el dise\u00f1o de las patas delanteras que le otorgan cierto dinamismo, fabricado con materiales de calidad.<\/p>\n<p>Sof\u00e1 con sentada de alta densidad, 100.000 sentadas de 80 Kg. sin perder densidad, goma de alta densidad.<\/p>\n<p>Fabricado en las tela antimanchas. Los asientos cuentan con sistema relax el\u00e9ctrico, y la parte chaise-longue incluye arc\u00f3n de gran capacidad. Asientos con espuma de alta densidad. 2 pouffs a juego acoplados en el brazo. Respaldos y brazos de fibra hueca siliconada.<\/p>\n<p>Mecanismo relax: permite que el usuario pueda levantar el reposapi\u00e9s reclinar el respaldo sin ning\u00fan esfuerzo alcanzando la postura deseada sea cu\u00e1l sea \u00e9sta. Ofrece el m\u00e1ximo confort y descanso y permite dar varios usos al sof\u00e1. El mecanismo de relax puede detenerlo el usuario mediante al control remoto en cualquier posici\u00f3n deseada. <\/p>\n<p>Desenfundable: todo menos armaz\u00f3n, indicar\u00e1 que los cojines del mismo son desenfundables y por lo tanto pueden ser lavables. Hay que tener en cuenta que la tela del armaz\u00f3n no se puede desenfundar.<\/p>\n<p>La cincha el\u00e1stica, tipo C3 del sof\u00e1. La cincha es utilizada en la suspensi\u00f3n para asientos y respaldos aportando mayor flexibilidad y mayor sensaci\u00f3n de acogida.<\/p>\n<p>CARACTER\u00cdSTICAS T\u00c9CNICAS:<\/p>\n<p>Desenfundable: todo con cremalleras menos armaz\u00f3n.<\/p>\n<p>Armaz\u00f3n: madera de pino y tablero de part\u00edculas.<\/p>\n<p>Mecanismos: almohadones de asientos extra\u00edbles con sistema relax el\u00e9ctrico. Respaldos reclinables con bisagra.<\/p>\n<p>Patas: met\u00e1licas cromadas.<\/p>\n<p>Base asiento: cinchado tipo nea.<\/p>\n<p>Base respaldo: cinchado C3.<\/p>\n<p>Almohadones respaldo y apoyabrazos: fibra hueca de poli\u00e9ster siliconizada de alta recuperaci\u00f3n; es antial\u00e9rgica, ecol\u00f3gica, y totalmente reciclable, repele la humedad, termoaislante, transpirable, el\u00e1stica y suave al tacto. Embolsada con fundas de tejido sintejer cosido y cerrado con cremallera.<\/p>\n<p>Almohadas de asiento: bloque de espuma de 36Kg\/m3 y recubiertos por una capa de fibra acr\u00edlica.<\/p>\n<p>Medidas:<\/p>\n<p>    L300 x F165 x A100<\/p>\n","protected":false},"excerpt":{"rendered":"<p>Chaise-longue de aspecto elegante, pero dotado de un cieto aire moderno, especialmente en el dise\u00f1o de las patas delanteras que le otorgan cierto dinamismo, fabricado con materiales de calidad.<\/p>\n","protected":false},"featured_media":31133,"template":"","meta":[],"product_brand":[],"product_cat":[255],"product_tag":[],"class_list":{"0":"post-31084","1":"product","2":"type-product","3":"status-publish","4":"has-post-thumbnail","6":"product_cat-chaiselongues","8":"first","9":"instock","10":"shipping-taxable","11":"purchasable","12":"product-type-variable"},"aioseo_notices":[],"_links":{"self":[{"href":"https:\/\/modestihouse.com\/index.php\/wp-json\/wp\/v2\/product\/31084","targetHints":{"allow":["GET"]}}],"collection":[{"href":"https:\/\/modestihouse.com\/index.php\/wp-json\/wp\/v2\/product"}],"about":[{"href":"https:\/\/modestihouse.com\/index.php\/wp-json\/wp\/v2\/types\/product"}],"wp:featuredmedia":[{"embeddable":true,"href":"https:\/\/modestihouse.com\/index.php\/wp-json\/wp\/v2\/media\/31133"}],"wp:attachment":[{"href":"https:\/\/modestihouse.com\/index.php\/wp-json\/wp\/v2\/media?parent=31084"}],"wp:term":[{"taxonomy":"product_brand","embeddable":true,"href":"https:\/\/modestihouse.com\/index.php\/wp-json\/wp\/v2\/product_brand?post=31084"},{"taxonomy":"product_cat","embeddable":true,"href":"https:\/\/modestihouse.com\/index.php\/wp-json\/wp\/v2\/product_cat?post=31084"},{"taxonomy":"product_tag","embeddable":true,"href":"https:\/\/modestihouse.com\/index.php\/wp-json\/wp\/v2\/product_tag?post=31084"}],"curies":[{"name":"wp","href":"https:\/\/api.w.org\/{rel}","templated":true}]}}