{"id":31143,"date":"2024-10-08T09:46:13","date_gmt":"2024-10-08T07:46:13","guid":{"rendered":"https:\/\/modestihouse.com\/?post_type=product&#038;p=31143"},"modified":"2024-10-08T09:47:58","modified_gmt":"2024-10-08T07:47:58","slug":"loff-3p-term-tap-alabama","status":"publish","type":"product","link":"https:\/\/modestihouse.com\/index.php\/producto\/loff-3p-term-tap-alabama\/","title":{"rendered":"LOFF 3P + TERM. TAP. ALABAMA"},"content":{"rendered":"<p>Sof\u00e1 rinconera, tela anti mancha, asiento extensible con visco El\u00e1sticas, respaldar regulables<br \/>\nMedidas L291 x F110\/205 x A102<\/p>\n<h3>Caracter\u00edsticas<\/h3>\n<ul>\n<li>Desenfundable : Todo con cremalleras menos armaz\u00f3n.<\/li>\n<li>Armaz\u00f3n: Madera de pino y tablero de part\u00edculas.<\/li>\n<li>Mecanismos: En almohadones de asiento extra\u00edbles con sistema de tubo de hierro. En respaldo sistema reclinable met\u00e1lico con bisagras cromadas redondas.<\/li>\n<li>Patas: De hierro cromado.<\/li>\n<li>Base Asiento: Cinchado tipo nea sobre marco met\u00e1lico extra\u00edble.<\/li>\n<li>Base Respaldo: Cinchado.<\/li>\n<li>Almohadones respaldo y apoyabrazos: Fibra hueca de poli\u00e9ster siliconada de alta recuperaci\u00f3n y rizamiento tridimensional; es antial\u00e9rgica, ecol\u00f3gica y totalmente reciclable, repele la humedad, no t\u00f3xica, termoaislante, transpirable, el\u00e1stica, suave al tacto y especialmente din\u00e1mica (Impide la formaci\u00f3n de aglomeraciones en los almohadones). Embolsada con fundas de tejido sintejer cosido y cerrado con cremallera.<\/li>\n<li>Almohadas de asiento: Bloque de espuma de 30 Kg\/m3 y capa de espuma supersuave.<\/li>\n<\/ul>\n<p>&nbsp;<\/p>\n<p><span style=\"font-family: Arial;\"><strong>Medidas:<\/strong><\/span><\/p>\n<p><span style=\"font-family: Arial;\">\u00a0\u00a0\u00a0 L291 x F110\/205 x A102<\/span><\/p>\n","protected":false},"excerpt":{"rendered":"<p>LOFT 3P + TERM. TAP. ALABAMA<\/p>\n","protected":false},"featured_media":31195,"template":"","meta":[],"product_brand":[],"product_cat":[255],"product_tag":[],"class_list":{"0":"post-31143","1":"product","2":"type-product","3":"status-publish","4":"has-post-thumbnail","6":"product_cat-chaiselongues","8":"first","9":"instock","10":"shipping-taxable","11":"purchasable","12":"product-type-variable"},"aioseo_notices":[],"_links":{"self":[{"href":"https:\/\/modestihouse.com\/index.php\/wp-json\/wp\/v2\/product\/31143","targetHints":{"allow":["GET"]}}],"collection":[{"href":"https:\/\/modestihouse.com\/index.php\/wp-json\/wp\/v2\/product"}],"about":[{"href":"https:\/\/modestihouse.com\/index.php\/wp-json\/wp\/v2\/types\/product"}],"wp:featuredmedia":[{"embeddable":true,"href":"https:\/\/modestihouse.com\/index.php\/wp-json\/wp\/v2\/media\/31195"}],"wp:attachment":[{"href":"https:\/\/modestihouse.com\/index.php\/wp-json\/wp\/v2\/media?parent=31143"}],"wp:term":[{"taxonomy":"product_brand","embeddable":true,"href":"https:\/\/modestihouse.com\/index.php\/wp-json\/wp\/v2\/product_brand?post=31143"},{"taxonomy":"product_cat","embeddable":true,"href":"https:\/\/modestihouse.com\/index.php\/wp-json\/wp\/v2\/product_cat?post=31143"},{"taxonomy":"product_tag","embeddable":true,"href":"https:\/\/modestihouse.com\/index.php\/wp-json\/wp\/v2\/product_tag?post=31143"}],"curies":[{"name":"wp","href":"https:\/\/api.w.org\/{rel}","templated":true}]}}