{"id":31479,"date":"2024-10-08T09:52:37","date_gmt":"2024-10-08T07:52:37","guid":{"rendered":"https:\/\/modestihouse.com\/?post_type=product&#038;p=31479"},"modified":"2024-10-08T09:53:59","modified_gmt":"2024-10-08T07:53:59","slug":"mesa-elevable-madera-bahia","status":"publish","type":"product","link":"https:\/\/modestihouse.com\/index.php\/producto\/mesa-elevable-madera-bahia\/","title":{"rendered":"Mesa elevable madera Bahia"},"content":{"rendered":"<p>Mesa centro elevable de 120x45x63 cm con hueco bajo la tapa y tabla revistero. Con l\u00edneas sencillas y marcadas presenta una tapa sin cristales. El mecanismo elevable de hierro aguantar\u00e1 el uso frecuente del sistema sin problema. Ideal para combinar con la serie Bah\u00eda de salones ya que se fabrica en resistente maciza de pino acabado a la cera de esta serie.<\/p>\n<p>&nbsp;<\/p>\n<p><strong>MEDIDAS:<\/strong><\/p>\n<p><strong>Alto<\/strong>: 45cm.<\/p>\n<p><strong>Ancho:<\/strong>\u00a0120cm.<\/p>\n<p><strong>Profundidad:<\/strong>\u00a063cm.<\/p>\n<p>&nbsp;<\/p>\n<p><strong>CARACTER\u00cdSTICAS:<\/strong><\/p>\n<p>Madera maciza de pino acabado a la cera.<\/p>\n<p>Gu\u00edas de madera.<\/p>\n<p>Tiradores met\u00e1licos.<\/p>\n<p>&nbsp;<\/p>\n<p>&nbsp;<\/p>\n<p><strong>COLOR:<\/strong><\/p>\n<p>Madera con acabado a la cera.<\/p>\n<p>&nbsp;<\/p>\n<p>&nbsp;<\/p>\n<p><strong>FORMATO DEL PRODUCTO:<\/strong><\/p>\n<p>Mueble en formato KIT. El producto llega completamente desmontado a casa del cliente<\/p>\n<p>El formato kit facilita el transporte de la mercanc\u00eda.<\/p>\n<p>El mueble incluye todo lo necesario para su instalaci\u00f3n: manual con instrucciones claras y sencillas y las piezas necesarias para realizar el montaje<\/p>\n<p>&nbsp;<\/p>\n<p>&nbsp;<\/p>\n<p><strong>ENV\u00cdO Y PLAZO DE ENTREGA:<\/strong><\/p>\n<p>No se env\u00eda ni se entrega en festivos ni fines de semana.<\/p>\n<p><strong>Env\u00edo est\u00e1ndar:<\/strong>\u00a0el plazo de entrega es de unos 35-40 d\u00edas. Este servicio incluye llamada antes de la entrega y subida al domicilio del cliente.<\/p>\n<p>Recuerde que es un art\u00edculo que\u00a0<strong>SE FABRICA BAJO PEDIDO<\/strong>\u00a0seg\u00fan las indicaciones que nos se\u00f1ale el cliente, por lo tanto el plazo de entrega es de unos 35-40 d\u00edas.<\/p>\n<p>&nbsp;<\/p>\n<p>&nbsp;<\/p>\n<p>Es\u00a0<strong>MUY IMPORTANTE<\/strong>\u00a0que midas los huecos de tu casa para comprobar que el producto entra en el domicilio sin problemas.<\/p>\n<p>&nbsp;<\/p>\n","protected":false},"excerpt":{"rendered":"<p>Mesa centro elevable de 120x45x63 cm. Con hueco bajo la tapa y tabla revistero. Ideal para combinar con la serie Bah\u00eda de salones.<\/p>\n<p>Mas detalles<\/p>\n","protected":false},"featured_media":31563,"template":"","meta":[],"product_brand":[],"product_cat":[283],"product_tag":[],"class_list":{"0":"post-31479","1":"product","2":"type-product","3":"status-publish","4":"has-post-thumbnail","6":"product_cat-mesa-centro","8":"first","9":"instock","10":"sale","11":"shipping-taxable","12":"purchasable","13":"product-type-simple"},"aioseo_notices":[],"_links":{"self":[{"href":"https:\/\/modestihouse.com\/index.php\/wp-json\/wp\/v2\/product\/31479","targetHints":{"allow":["GET"]}}],"collection":[{"href":"https:\/\/modestihouse.com\/index.php\/wp-json\/wp\/v2\/product"}],"about":[{"href":"https:\/\/modestihouse.com\/index.php\/wp-json\/wp\/v2\/types\/product"}],"wp:featuredmedia":[{"embeddable":true,"href":"https:\/\/modestihouse.com\/index.php\/wp-json\/wp\/v2\/media\/31563"}],"wp:attachment":[{"href":"https:\/\/modestihouse.com\/index.php\/wp-json\/wp\/v2\/media?parent=31479"}],"wp:term":[{"taxonomy":"product_brand","embeddable":true,"href":"https:\/\/modestihouse.com\/index.php\/wp-json\/wp\/v2\/product_brand?post=31479"},{"taxonomy":"product_cat","embeddable":true,"href":"https:\/\/modestihouse.com\/index.php\/wp-json\/wp\/v2\/product_cat?post=31479"},{"taxonomy":"product_tag","embeddable":true,"href":"https:\/\/modestihouse.com\/index.php\/wp-json\/wp\/v2\/product_tag?post=31479"}],"curies":[{"name":"wp","href":"https:\/\/api.w.org\/{rel}","templated":true}]}}