{"id":31503,"date":"2024-10-08T09:53:03","date_gmt":"2024-10-08T07:53:03","guid":{"rendered":"https:\/\/modestihouse.com\/?post_type=product&#038;p=31503"},"modified":"2024-10-08T09:55:04","modified_gmt":"2024-10-08T07:55:04","slug":"atreus-sillon-gaming","status":"publish","type":"product","link":"https:\/\/modestihouse.com\/index.php\/producto\/atreus-sillon-gaming\/","title":{"rendered":"ATREUS SILLON GAMING"},"content":{"rendered":"<p>CARACTER\u00cdSTICAS T\u00c9CNICAS<br \/>\n-Dise\u00f1o Ergon\u00f3mico<\/p>\n<p>    La silla gaming Atreus destaca por su dise\u00f1o deportivo tapizado extragrueso y forma ergon\u00f3mica. Su tejido c\u00f3modo y de alta calidad tambi\u00e9n es f\u00e1cil de limpiar. El acolchado de espuma de alta densidad garantiza una c\u00f3moda experiencia de asiento.<\/p>\n<p>-Posici\u00f3n Ajustable<\/p>\n<p>    La silla Atreus es giratoria 360\u00ba, f\u00e1cil de mover y, gracias al mecanismo de regulaci\u00f3n, es posible regular la altura y la inclinaci\u00f3n.<\/p>\n<p>-Reposabrazos<\/p>\n<p>    Reposabrazos acolchados y forrados con piel sint\u00e9tica.<\/p>\n<p>-Base robusta<\/p>\n<p>    Base de 5 brazos hecha en metal.<\/p>\n<p>-Ruedas<\/p>\n<p>    Ruedas con acabado en goma para no rayar el suelo.<\/p>\n<p>Colores: Azul, Gris y Rojo.<\/p>\n<p>Medidas:<\/p>\n<p>    L69 x F69 x A110-120<\/p>\n","protected":false},"excerpt":{"rendered":"<p>Silla Gaming de dise\u00f1o deportivo, tapizado extragrueso y forma ergon\u00f3mica. Su tejido es c\u00f3modo y de alta calidad, tambi\u00e9n es f\u00e1cil de limpiar.<\/p>\n","protected":false},"featured_media":31580,"template":"","meta":[],"product_brand":[],"product_cat":[71,286],"product_tag":[],"class_list":{"0":"post-31503","1":"product","2":"type-product","3":"status-publish","4":"has-post-thumbnail","6":"product_cat-muebles","7":"product_cat-sillas-giratorias","9":"first","10":"instock","11":"shipping-taxable","12":"purchasable","13":"product-type-variable"},"aioseo_notices":[],"_links":{"self":[{"href":"https:\/\/modestihouse.com\/index.php\/wp-json\/wp\/v2\/product\/31503","targetHints":{"allow":["GET"]}}],"collection":[{"href":"https:\/\/modestihouse.com\/index.php\/wp-json\/wp\/v2\/product"}],"about":[{"href":"https:\/\/modestihouse.com\/index.php\/wp-json\/wp\/v2\/types\/product"}],"wp:featuredmedia":[{"embeddable":true,"href":"https:\/\/modestihouse.com\/index.php\/wp-json\/wp\/v2\/media\/31580"}],"wp:attachment":[{"href":"https:\/\/modestihouse.com\/index.php\/wp-json\/wp\/v2\/media?parent=31503"}],"wp:term":[{"taxonomy":"product_brand","embeddable":true,"href":"https:\/\/modestihouse.com\/index.php\/wp-json\/wp\/v2\/product_brand?post=31503"},{"taxonomy":"product_cat","embeddable":true,"href":"https:\/\/modestihouse.com\/index.php\/wp-json\/wp\/v2\/product_cat?post=31503"},{"taxonomy":"product_tag","embeddable":true,"href":"https:\/\/modestihouse.com\/index.php\/wp-json\/wp\/v2\/product_tag?post=31503"}],"curies":[{"name":"wp","href":"https:\/\/api.w.org\/{rel}","templated":true}]}}