{"id":31636,"date":"2024-10-08T09:55:36","date_gmt":"2024-10-08T07:55:36","guid":{"rendered":"https:\/\/modestihouse.com\/?post_type=product&#038;p=31636"},"modified":"2024-10-15T22:17:30","modified_gmt":"2024-10-15T20:17:30","slug":"canape-new-30","status":"publish","type":"product","link":"https:\/\/modestihouse.com\/index.php\/producto\/canape-new-30\/","title":{"rendered":"Canap\u00e9 New 30"},"content":{"rendered":"<p>Canap\u00e9 abatible modelo 30<\/p>\n<p>Este canap\u00e9 30 abatible de panel de melanina de alta densidad y gramaje es una gran opci\u00f3n si tienes poco espacio en tu habitaci\u00f3n y necesitas a\u00f1adir un nuevo espacio en tu dormitorio donde guardar f\u00e1cilmente la colcha de tu cama, el n\u00f3rdico cuando pasa el invierno, tus s\u00e1banas, chaquetas, juguetes\u2026 \u00a1Lo que quieras! Tu cama puede ser ese mueble que necesitas.<\/p>\n<p>Adem\u00e1s, sus patas de madera no pintada tienen exactamente el mismo color que el panel de melanina. Tiene un sistema de elevaci\u00f3n hidr\u00e1ulico que permite abrirlo con mucha suavidad y comodidad, por lo que \u00a1no te preocupes si piensas que levantarlo puede costar mucho! Adem\u00e1s, la tapa quedar\u00e1 fija arriba hasta que decidas cerrarla. Otra de su mayor virtud es su sistema de doble agarre en patas y un refuerzo antidoble en su tapa 3D que prolonga la vida del producto y nos diferencia del resto de competidores del mercado.<\/p>\n<p>Piensa que este canap\u00e9 tiene cinco tipos de combinaciones que pegan pr\u00e1cticamente con todo. Ahora puedes elegir estilo y personalidad de la mejor calidad a un precio incre\u00edble.<\/p>\n<p><strong>Caracter\u00edsticas t\u00e9cnicas<\/strong><\/p>\n<p>Tablero de melamina.<\/p>\n<p>Caj\u00f3n de 30 mm. de espesor.<\/p>\n<p>Altura interior caj\u00f3n 29 cm.<\/p>\n<p>Altura total 34 cm.<\/p>\n<p>Sistema de elevaci\u00f3n mediante comp\u00e1s hidr\u00e1ulico.<\/p>\n<p>Esquinas madera macizas, recubiertas AR.<\/p>\n<p>Tirador de madera.<\/p>\n","protected":false},"excerpt":{"rendered":"<p>Canap\u00e9 abatible de madera con 4 patas de madera haya y tapa tapizada en\u00a0tejido 3D, acolchada con espuma s\u00faper suave.<\/p>\n","protected":false},"featured_media":31683,"template":"","meta":[],"product_brand":[],"product_cat":[287],"product_tag":[],"class_list":{"0":"post-31636","1":"product","2":"type-product","3":"status-publish","4":"has-post-thumbnail","6":"product_cat-canapes-abatibles","8":"first","9":"instock","10":"shipping-taxable","11":"purchasable","12":"product-type-variable"},"aioseo_notices":[],"_links":{"self":[{"href":"https:\/\/modestihouse.com\/index.php\/wp-json\/wp\/v2\/product\/31636","targetHints":{"allow":["GET"]}}],"collection":[{"href":"https:\/\/modestihouse.com\/index.php\/wp-json\/wp\/v2\/product"}],"about":[{"href":"https:\/\/modestihouse.com\/index.php\/wp-json\/wp\/v2\/types\/product"}],"wp:featuredmedia":[{"embeddable":true,"href":"https:\/\/modestihouse.com\/index.php\/wp-json\/wp\/v2\/media\/31683"}],"wp:attachment":[{"href":"https:\/\/modestihouse.com\/index.php\/wp-json\/wp\/v2\/media?parent=31636"}],"wp:term":[{"taxonomy":"product_brand","embeddable":true,"href":"https:\/\/modestihouse.com\/index.php\/wp-json\/wp\/v2\/product_brand?post=31636"},{"taxonomy":"product_cat","embeddable":true,"href":"https:\/\/modestihouse.com\/index.php\/wp-json\/wp\/v2\/product_cat?post=31636"},{"taxonomy":"product_tag","embeddable":true,"href":"https:\/\/modestihouse.com\/index.php\/wp-json\/wp\/v2\/product_tag?post=31636"}],"curies":[{"name":"wp","href":"https:\/\/api.w.org\/{rel}","templated":true}]}}