{"id":31769,"date":"2024-10-08T09:58:04","date_gmt":"2024-10-08T07:58:04","guid":{"rendered":"https:\/\/modestihouse.com\/?post_type=product&#038;p=31769"},"modified":"2024-10-08T09:58:31","modified_gmt":"2024-10-08T07:58:31","slug":"colchon-santorini-muelles-ensacados-topper","status":"publish","type":"product","link":"https:\/\/modestihouse.com\/index.php\/producto\/colchon-santorini-muelles-ensacados-topper\/","title":{"rendered":"Colch\u00f3n Santorini Muelles Ensacados Topper"},"content":{"rendered":"<p>Colch\u00f3n modelo SANTORINI, de gama alta con n\u00facleo Topper Basic muelles ensacados. Topper en cara superior, acolchado etter super soft alta densidad m\u00e1s fibras thermo para mayor transpiraci\u00f3n y confort. Gracias a la plancha en n\u00facleo de 4 cm SOFT de efecto nube se adapta al contorno del cuerpo.<\/p>\n<p>&nbsp;<\/p>\n<p>Colch\u00f3n de gama alta con n\u00facleo muelles ensacados. Topper en cara superior, acolchado etter s\u00faper soft alta densidad m\u00e1s fibras thermo para mayor transpiraci\u00f3n y confort. Gracias a la plancha en n\u00facleo de 4 cm SOFT de efecto nube se adapta al contorno del cuerpo en funci\u00f3n del peso volviendo siempre a su postura natural de forma lenta y suave. Plancha amortiguadora en cara alta densidad y fieltro plano 1800 gr en cara inferior para mayor firmeza. Tapa superior tejido strech blanco tacto suave y cara inferior tejido rejilla 3D AIR blanco de m\u00e1xima transpiraci\u00f3n, favorece la circulaci\u00f3n del aire. Platabanda acolchada con sistema ultrasonidos y<\/p>\n<p>tejido a juego en topper cosido para mayor sostenibilidad, cartel frontal bordado, asas horizontales y burlete de dise\u00f1o a juego.<\/p>\n<p>Altura total del colch\u00f3n 32 cm aprox.<\/p>\n","protected":false},"excerpt":{"rendered":"<p>Colch\u00f3n modelo SANTORINI, de gama alta con n\u00facleo Topper Basic muelles ensacados. Topper en cara superior, acolchado etter super soft<\/p>\n","protected":false},"featured_media":31799,"template":"","meta":[],"product_brand":[],"product_cat":[111,180,181],"product_tag":[],"class_list":{"0":"post-31769","1":"product","2":"type-product","3":"status-publish","4":"has-post-thumbnail","6":"product_cat-colchones","7":"product_cat-colchones-muelles","8":"product_cat-colchones-muelles-2","10":"first","11":"instock","12":"featured","13":"shipping-taxable","14":"purchasable","15":"product-type-variable"},"aioseo_notices":[],"_links":{"self":[{"href":"https:\/\/modestihouse.com\/index.php\/wp-json\/wp\/v2\/product\/31769","targetHints":{"allow":["GET"]}}],"collection":[{"href":"https:\/\/modestihouse.com\/index.php\/wp-json\/wp\/v2\/product"}],"about":[{"href":"https:\/\/modestihouse.com\/index.php\/wp-json\/wp\/v2\/types\/product"}],"wp:featuredmedia":[{"embeddable":true,"href":"https:\/\/modestihouse.com\/index.php\/wp-json\/wp\/v2\/media\/31799"}],"wp:attachment":[{"href":"https:\/\/modestihouse.com\/index.php\/wp-json\/wp\/v2\/media?parent=31769"}],"wp:term":[{"taxonomy":"product_brand","embeddable":true,"href":"https:\/\/modestihouse.com\/index.php\/wp-json\/wp\/v2\/product_brand?post=31769"},{"taxonomy":"product_cat","embeddable":true,"href":"https:\/\/modestihouse.com\/index.php\/wp-json\/wp\/v2\/product_cat?post=31769"},{"taxonomy":"product_tag","embeddable":true,"href":"https:\/\/modestihouse.com\/index.php\/wp-json\/wp\/v2\/product_tag?post=31769"}],"curies":[{"name":"wp","href":"https:\/\/api.w.org\/{rel}","templated":true}]}}