{"id":31776,"date":"2024-10-08T09:58:05","date_gmt":"2024-10-08T07:58:05","guid":{"rendered":"https:\/\/modestihouse.com\/?post_type=product&#038;p=31776"},"modified":"2024-10-08T09:58:22","modified_gmt":"2024-10-08T07:58:22","slug":"vitrina-rustica-mexicana","status":"publish","type":"product","link":"https:\/\/modestihouse.com\/index.php\/producto\/vitrina-rustica-mexicana\/","title":{"rendered":"Vitrina R\u00fastica M\u00e9xicana"},"content":{"rendered":"","protected":false},"excerpt":{"rendered":"<p>Con opci\u00f3n de enviarle el\u00a0<strong>mueble premontado,<\/strong>\u00a0para\u00a0<strong>m\u00e1s informaci\u00f3n de tarifas y tipo de env\u00edo<\/strong>\u00a0deber\u00e1 ponerse en\u00a0<strong>contacto<\/strong>\u00a0con nuestro departamento de\u00a0<strong><em>atenci\u00f3n al cliente.<\/em><\/strong><\/p>\n","protected":false},"featured_media":31803,"template":"","meta":[],"product_brand":[],"product_cat":[99],"product_tag":[],"class_list":{"0":"post-31776","1":"product","2":"type-product","3":"status-publish","4":"has-post-thumbnail","6":"product_cat-rusticos","8":"first","9":"instock","10":"sale","11":"shipping-taxable","12":"purchasable","13":"product-type-simple"},"aioseo_notices":[],"_links":{"self":[{"href":"https:\/\/modestihouse.com\/index.php\/wp-json\/wp\/v2\/product\/31776","targetHints":{"allow":["GET"]}}],"collection":[{"href":"https:\/\/modestihouse.com\/index.php\/wp-json\/wp\/v2\/product"}],"about":[{"href":"https:\/\/modestihouse.com\/index.php\/wp-json\/wp\/v2\/types\/product"}],"wp:featuredmedia":[{"embeddable":true,"href":"https:\/\/modestihouse.com\/index.php\/wp-json\/wp\/v2\/media\/31803"}],"wp:attachment":[{"href":"https:\/\/modestihouse.com\/index.php\/wp-json\/wp\/v2\/media?parent=31776"}],"wp:term":[{"taxonomy":"product_brand","embeddable":true,"href":"https:\/\/modestihouse.com\/index.php\/wp-json\/wp\/v2\/product_brand?post=31776"},{"taxonomy":"product_cat","embeddable":true,"href":"https:\/\/modestihouse.com\/index.php\/wp-json\/wp\/v2\/product_cat?post=31776"},{"taxonomy":"product_tag","embeddable":true,"href":"https:\/\/modestihouse.com\/index.php\/wp-json\/wp\/v2\/product_tag?post=31776"}],"curies":[{"name":"wp","href":"https:\/\/api.w.org\/{rel}","templated":true}]}}