{"id":31777,"date":"2024-10-08T09:58:05","date_gmt":"2024-10-08T07:58:05","guid":{"rendered":"https:\/\/modestihouse.com\/?post_type=product&#038;p=31777"},"modified":"2024-10-08T09:58:24","modified_gmt":"2024-10-08T07:58:24","slug":"cabecero-madera-rustico-mexicano-155cm","status":"publish","type":"product","link":"https:\/\/modestihouse.com\/index.php\/producto\/cabecero-madera-rustico-mexicano-155cm\/","title":{"rendered":"Cabecero madera Rustico Mexicano 155cm."},"content":{"rendered":"<p>Cabecero de madera de 155cm de ancho de la serie Veracruz:<\/p>\n<p>&nbsp;<\/p>\n<p>&nbsp;<\/p>\n<p>&nbsp;<\/p>\n<p>CARACTER\u00cdSTICAS:<\/p>\n<p>Fabricado en madera maciza de pino con acabado a la cera. Al ser de madera maciza tiene buena resistencia al paso del tiempo. Y adem\u00e1s por el tipo de acabado es un mueble que se puede lijar, y pintar para cambiar su aspecto.<\/p>\n<p>Inspirado en los muebles de estilo r\u00fastico de Mexico.<\/p>\n<p>Perfiles de los cajones tambi\u00e9n realizados en madera maciza de pino.<\/p>\n<p>Tiradores met\u00e1licos.<\/p>\n<p>Limpieza de la mesita con un pa\u00f1o de limpiar el polvo en seco. Para su buena conservaci\u00f3n deber\u00e1 limpiarlo una vez a la semana.<\/p>\n<p>Una vez se vaya perdiendo el brillo con el mueble limpio se debe aplicar cera, y se debe sacar brillo.<\/p>\n<p>&nbsp;<\/p>\n<p>COLOR:<\/p>\n<p>Madera.<\/p>\n<p>&nbsp;<\/p>\n<p>FORMATO DEL PRODUCTO:<\/p>\n<p>Mueble premontado.<\/p>\n<p>El mueble premontado llega terminado a casa del cliente, ahorrando el tiempo del montaje.<\/p>\n<p>De igual forma, incluye todo lo necesario para su instalaci\u00f3n: manual de montaje con instrucciones claras y sencillas y las piezas necesarias para el montaje.<\/p>\n<p>&nbsp;<\/p>\n<p>ENV\u00cdO Y PLAZO DE ENTREGA:<\/p>\n<p>No se env\u00eda ni se entrega en festivos ni fines de semana.<\/p>\n<p>Env\u00edo est\u00e1ndar: el plazo de entrega es de unos 24 a 48H . Este servicio incluye llamada antes de la entrega y subida al domicilio del cliente.<\/p>\n<p>&nbsp;<\/p>\n<p>MONTAJE:<\/p>\n<p>El precio incluye el montaje.<\/p>\n<p>&nbsp;<\/p>\n<p>Disponemos de servicio de montaje en cualquier parte de Tenerife resto de islas consultar.<\/p>\n<p>Es MUY IMPORTANTE que midas los huecos de tu casa para comprobar que el producto entra en el domicilio sin problemas.<\/p>\n<p>&nbsp;<\/p>\n","protected":false},"excerpt":{"rendered":"<p>Cabecero de madera maciza con\u00a0<strong>155cm.<\/strong>\u00a0apto para camas de hasta 150cm. de ancho. Fabricado en madera maciza de pino con acabado a la cera. Tiene vetas naturales marca habitual de los muebles de madera. El cabecero Veracruz de madera maciza es un lujo a tu alcance.<\/p>\n","protected":false},"featured_media":31804,"template":"","meta":[],"product_brand":[],"product_cat":[312,100],"product_tag":[],"class_list":{"0":"post-31777","1":"product","2":"type-product","3":"status-publish","4":"has-post-thumbnail","6":"product_cat-auxiliares-rustico","7":"product_cat-dormitorios-de-matrimonio-rustico","9":"first","10":"instock","11":"sale","12":"shipping-taxable","13":"purchasable","14":"product-type-simple"},"aioseo_notices":[],"_links":{"self":[{"href":"https:\/\/modestihouse.com\/index.php\/wp-json\/wp\/v2\/product\/31777","targetHints":{"allow":["GET"]}}],"collection":[{"href":"https:\/\/modestihouse.com\/index.php\/wp-json\/wp\/v2\/product"}],"about":[{"href":"https:\/\/modestihouse.com\/index.php\/wp-json\/wp\/v2\/types\/product"}],"wp:featuredmedia":[{"embeddable":true,"href":"https:\/\/modestihouse.com\/index.php\/wp-json\/wp\/v2\/media\/31804"}],"wp:attachment":[{"href":"https:\/\/modestihouse.com\/index.php\/wp-json\/wp\/v2\/media?parent=31777"}],"wp:term":[{"taxonomy":"product_brand","embeddable":true,"href":"https:\/\/modestihouse.com\/index.php\/wp-json\/wp\/v2\/product_brand?post=31777"},{"taxonomy":"product_cat","embeddable":true,"href":"https:\/\/modestihouse.com\/index.php\/wp-json\/wp\/v2\/product_cat?post=31777"},{"taxonomy":"product_tag","embeddable":true,"href":"https:\/\/modestihouse.com\/index.php\/wp-json\/wp\/v2\/product_tag?post=31777"}],"curies":[{"name":"wp","href":"https:\/\/api.w.org\/{rel}","templated":true}]}}