{"id":31779,"date":"2024-10-08T09:58:06","date_gmt":"2024-10-08T07:58:06","guid":{"rendered":"https:\/\/modestihouse.com\/?post_type=product&#038;p=31779"},"modified":"2024-10-08T09:58:28","modified_gmt":"2024-10-08T07:58:28","slug":"sofa-cama-libro-chic","status":"publish","type":"product","link":"https:\/\/modestihouse.com\/index.php\/producto\/sofa-cama-libro-chic\/","title":{"rendered":"Sof\u00e1 Cama libro chic"},"content":{"rendered":"<p>Sof\u00e1 cama libro de 190&#215;95 cm. con arc\u00f3n. Disponible en color gris. Cama de 190&#215;135. Mecanismo Empuje.<\/p>\n<p><strong>Medidas:<\/strong><\/p>\n<p>L190 x F85 x A95<\/p>\n","protected":false},"excerpt":{"rendered":"<p>Sof\u00e1 cama libro de 190&#215;95 cm. con arc\u00f3n y dos almohadas<\/p>\n<p>Disponible en varios colores. Cama de 130&#215;190<\/p>\n<p>Consultar Stock disponible<\/p>\n","protected":false},"featured_media":31806,"template":"","meta":[],"product_brand":[],"product_cat":[262],"product_tag":[],"class_list":{"0":"post-31779","1":"product","2":"type-product","3":"status-publish","4":"has-post-thumbnail","6":"product_cat-chaiselongue-cama-y-sofa-cama","8":"first","9":"instock","10":"sale","11":"shipping-taxable","12":"purchasable","13":"product-type-simple"},"aioseo_notices":[],"_links":{"self":[{"href":"https:\/\/modestihouse.com\/index.php\/wp-json\/wp\/v2\/product\/31779","targetHints":{"allow":["GET"]}}],"collection":[{"href":"https:\/\/modestihouse.com\/index.php\/wp-json\/wp\/v2\/product"}],"about":[{"href":"https:\/\/modestihouse.com\/index.php\/wp-json\/wp\/v2\/types\/product"}],"wp:featuredmedia":[{"embeddable":true,"href":"https:\/\/modestihouse.com\/index.php\/wp-json\/wp\/v2\/media\/31806"}],"wp:attachment":[{"href":"https:\/\/modestihouse.com\/index.php\/wp-json\/wp\/v2\/media?parent=31779"}],"wp:term":[{"taxonomy":"product_brand","embeddable":true,"href":"https:\/\/modestihouse.com\/index.php\/wp-json\/wp\/v2\/product_brand?post=31779"},{"taxonomy":"product_cat","embeddable":true,"href":"https:\/\/modestihouse.com\/index.php\/wp-json\/wp\/v2\/product_cat?post=31779"},{"taxonomy":"product_tag","embeddable":true,"href":"https:\/\/modestihouse.com\/index.php\/wp-json\/wp\/v2\/product_tag?post=31779"}],"curies":[{"name":"wp","href":"https:\/\/api.w.org\/{rel}","templated":true}]}}