{"id":31780,"date":"2024-10-08T09:58:06","date_gmt":"2024-10-08T07:58:06","guid":{"rendered":"https:\/\/modestihouse.com\/?post_type=product&#038;p=31780"},"modified":"2024-10-08T09:58:29","modified_gmt":"2024-10-08T07:58:29","slug":"cama-plegatin-80x190","status":"publish","type":"product","link":"https:\/\/modestihouse.com\/index.php\/producto\/cama-plegatin-80x190\/","title":{"rendered":"Cama plegatin 80&#215;190"},"content":{"rendered":"<p>Cama plegatin 80&#215;190 Modelo 32525<\/p>\n","protected":false},"excerpt":{"rendered":"<p>Cama plegable de f\u00e1cil almacenamiento ,dispone de ruedas para su traslado ,tubo de acero con pintura epoxi anti oxido ,laminas de madera de haya vaporizadas incluido colch\u00f3n sin muelles sistema ortop\u00e9dico anti \u00e1caros 80x190x13<\/p>\n","protected":false},"featured_media":31809,"template":"","meta":[],"product_brand":[],"product_cat":[176,232],"product_tag":[],"class_list":{"0":"post-31780","1":"product","2":"type-product","3":"status-publish","4":"has-post-thumbnail","6":"product_cat-camas-nido","7":"product_cat-somieres","9":"first","10":"instock","11":"sale","12":"shipping-taxable","13":"purchasable","14":"product-type-simple"},"aioseo_notices":[],"_links":{"self":[{"href":"https:\/\/modestihouse.com\/index.php\/wp-json\/wp\/v2\/product\/31780","targetHints":{"allow":["GET"]}}],"collection":[{"href":"https:\/\/modestihouse.com\/index.php\/wp-json\/wp\/v2\/product"}],"about":[{"href":"https:\/\/modestihouse.com\/index.php\/wp-json\/wp\/v2\/types\/product"}],"wp:featuredmedia":[{"embeddable":true,"href":"https:\/\/modestihouse.com\/index.php\/wp-json\/wp\/v2\/media\/31809"}],"wp:attachment":[{"href":"https:\/\/modestihouse.com\/index.php\/wp-json\/wp\/v2\/media?parent=31780"}],"wp:term":[{"taxonomy":"product_brand","embeddable":true,"href":"https:\/\/modestihouse.com\/index.php\/wp-json\/wp\/v2\/product_brand?post=31780"},{"taxonomy":"product_cat","embeddable":true,"href":"https:\/\/modestihouse.com\/index.php\/wp-json\/wp\/v2\/product_cat?post=31780"},{"taxonomy":"product_tag","embeddable":true,"href":"https:\/\/modestihouse.com\/index.php\/wp-json\/wp\/v2\/product_tag?post=31780"}],"curies":[{"name":"wp","href":"https:\/\/api.w.org\/{rel}","templated":true}]}}