{"id":31782,"date":"2024-10-08T09:58:06","date_gmt":"2024-10-08T07:58:06","guid":{"rendered":"https:\/\/modestihouse.com\/?post_type=product&#038;p=31782"},"modified":"2024-10-08T09:58:39","modified_gmt":"2024-10-08T07:58:39","slug":"canape-abatible-lateral-tapizado","status":"publish","type":"product","link":"https:\/\/modestihouse.com\/index.php\/producto\/canape-abatible-lateral-tapizado\/","title":{"rendered":"Canap\u00e9 abatible lateral tapizado"},"content":{"rendered":"<p>El\u00a0<strong>canap\u00e9 abatible lateral tapizado<\/strong>, dispone de una\u00a0<strong>tapa m\u00e1s resistente y estable<\/strong>\u00a0que las tapas de somier, aportando una firmeza superior al descanso. Ofrece una apertura desde el lateral del canap\u00e9, a diferencia de los canap\u00e9s de apertura frontal que realizan la apertura desde los pies de la cama.<\/p>\n<p><strong>Canap\u00e9 abatible lateral tapizado ,disponible en la medida 90&#215;190 y 105&#215;190<\/strong><\/p>\n<p>90&#215;190 &#8230;..260\u20ac<\/p>\n<p>105&#215;190&#8230;..285\u20ac<\/p>\n","protected":false},"excerpt":{"rendered":"<p>El\u00a0<strong>canap\u00e9 abatible lateral tapizado<\/strong>, dispone de una\u00a0<strong>tapa m\u00e1s resistente y estable<\/strong>\u00a0que las tapas de somier, aportando una firmeza superior al descanso. Ofrece una apertura desde el lateral del canap\u00e9, a diferencia de los canap\u00e9s de apertura frontal que realizan la apertura desde los pies de la cama.<\/p>\n<p><strong>Canap\u00e9 abatible lateral tapizado ,disponible en la medida 90&#215;190 y 105&#215;190<\/strong><\/p>\n<p>90&#215;190 &#8230;..260\u20ac<\/p>\n<p>105&#215;190&#8230;..285\u20ac<\/p>\n<p>&nbsp;<\/p>\n<p>Este canap\u00e9 con apertura lateral, est\u00e1 especialmente dise\u00f1ado para habitaciones juveniles, donde prime el espacio. Ofrece un espacio de almacenaje extra, con las mismas dimensiones que la cama.<\/p>\n<p>Permite colocar colchones de muelles, viscoel\u00e1sticos y de espumaci\u00f3n. No siendo aptos los colchones de l\u00e1tex, dados que estos necesitan de una mayor transpiraci\u00f3n.<\/p>\n<p>&nbsp;<\/p>\n<p><strong>Caracter\u00edsticas<\/strong><br \/>\n<em>Tapa<\/em><\/p>\n<ul>\n<li>Base tapizada con tejido 3D transpirable y 4 v\u00e1lvulas de aireaci\u00f3n.<\/li>\n<li>Tablero de melamina de alta resistencia.<\/li>\n<li>Estructura en perfil cuadrado de acero, reforzada en su parte central, para mayor consistencia.<\/li>\n<li>Apertura lateral, con resortes de alta compresi\u00f3n para facilitar el movimiento de la base.<\/li>\n<li><\/li>\n<\/ul>\n<p><em>Caj\u00f3n<\/em><\/p>\n<ul>\n<li>Estructura interior en tubo acerado de 30x30mm reforzada.<\/li>\n<li>Tapizado de madera en varios colores.<\/li>\n<li>Tablero de alta calidad anclado al fondo del caj\u00f3n.<\/li>\n<li>Herrajes e hidr\u00e1ulicos incluidos.<\/li>\n<li>Esquinas madera macizas, recubiertas AR.<\/li>\n<\/ul>\n<p>&nbsp;<\/p>\n<p><strong>Hidr\u00e1ulicos:<\/strong>\u00a0resortes de alta compresi\u00f3n para facilitar el movimiento de la tapa en su apertura. Bisagras con soporte y roscas autoblocantes para sujetar los resortes.<\/p>\n<p>Los canap\u00e9s abatibles de nuestro cat\u00e1logo se entregan desmontados. Debe tener en cuenta el espacio de su finca o domicilio, la tapa no ir\u00e1 desmontada, es de una \u00fanica pieza.<\/p>\n<p>Consultar Stock Disponible<\/p>\n<p>&nbsp;<\/p>\n","protected":false},"featured_media":31825,"template":"","meta":[],"product_brand":[],"product_cat":[287],"product_tag":[],"class_list":{"0":"post-31782","1":"product","2":"type-product","3":"status-publish","4":"has-post-thumbnail","6":"product_cat-canapes-abatibles","8":"first","9":"instock","10":"sale","11":"shipping-taxable","12":"purchasable","13":"product-type-simple"},"aioseo_notices":[],"_links":{"self":[{"href":"https:\/\/modestihouse.com\/index.php\/wp-json\/wp\/v2\/product\/31782","targetHints":{"allow":["GET"]}}],"collection":[{"href":"https:\/\/modestihouse.com\/index.php\/wp-json\/wp\/v2\/product"}],"about":[{"href":"https:\/\/modestihouse.com\/index.php\/wp-json\/wp\/v2\/types\/product"}],"wp:featuredmedia":[{"embeddable":true,"href":"https:\/\/modestihouse.com\/index.php\/wp-json\/wp\/v2\/media\/31825"}],"wp:attachment":[{"href":"https:\/\/modestihouse.com\/index.php\/wp-json\/wp\/v2\/media?parent=31782"}],"wp:term":[{"taxonomy":"product_brand","embeddable":true,"href":"https:\/\/modestihouse.com\/index.php\/wp-json\/wp\/v2\/product_brand?post=31782"},{"taxonomy":"product_cat","embeddable":true,"href":"https:\/\/modestihouse.com\/index.php\/wp-json\/wp\/v2\/product_cat?post=31782"},{"taxonomy":"product_tag","embeddable":true,"href":"https:\/\/modestihouse.com\/index.php\/wp-json\/wp\/v2\/product_tag?post=31782"}],"curies":[{"name":"wp","href":"https:\/\/api.w.org\/{rel}","templated":true}]}}