{"id":31785,"date":"2024-10-08T09:58:07","date_gmt":"2024-10-08T07:58:07","guid":{"rendered":"https:\/\/modestihouse.com\/?post_type=product&#038;p=31785"},"modified":"2024-10-08T09:58:46","modified_gmt":"2024-10-08T07:58:46","slug":"sofas-daniel-3p-chaiselongue","status":"publish","type":"product","link":"https:\/\/modestihouse.com\/index.php\/producto\/sofas-daniel-3p-chaiselongue\/","title":{"rendered":"Sof\u00e1s Daniel  3P + Chaiselongue"},"content":{"rendered":"<p><strong>CARACTER\u00cdSTICAS:<\/strong><\/p>\n<ul>\n<li>Armaz\u00f3n de pino gallego y costados de tablero de part\u00edculas.<\/li>\n<li>Bastidor con mecanismo deslizante convertible en cama.<\/li>\n<li>Mecanismos reclinable de carraca.<\/li>\n<li>Asientos goma espuma D-28kg.<\/li>\n<li>Respaldos y brazos en fibra 100%.<\/li>\n<\/ul>\n<p><strong>Medidas:<\/strong><\/p>\n<p>L270 x F150 x A105<\/p>\n","protected":false},"excerpt":{"rendered":"<p>CARACTER\u00cdSTICAS: Armaz\u00f3n de pino gallego y costados de tablero de part\u00edculas. Bastidor con mecanismo deslizante convertible en cama. Mecanismos reclinable<\/p>\n","protected":false},"featured_media":31836,"template":"","meta":[],"product_brand":[],"product_cat":[76,314,75],"product_tag":[],"class_list":{"0":"post-31785","1":"product","2":"type-product","3":"status-publish","4":"has-post-thumbnail","6":"product_cat-chaise-longue","7":"product_cat-sofas-cama","8":"product_cat-sofas-y-sillones","10":"first","11":"instock","12":"sale","13":"shipping-taxable","14":"purchasable","15":"product-type-simple"},"aioseo_notices":[],"_links":{"self":[{"href":"https:\/\/modestihouse.com\/index.php\/wp-json\/wp\/v2\/product\/31785","targetHints":{"allow":["GET"]}}],"collection":[{"href":"https:\/\/modestihouse.com\/index.php\/wp-json\/wp\/v2\/product"}],"about":[{"href":"https:\/\/modestihouse.com\/index.php\/wp-json\/wp\/v2\/types\/product"}],"wp:featuredmedia":[{"embeddable":true,"href":"https:\/\/modestihouse.com\/index.php\/wp-json\/wp\/v2\/media\/31836"}],"wp:attachment":[{"href":"https:\/\/modestihouse.com\/index.php\/wp-json\/wp\/v2\/media?parent=31785"}],"wp:term":[{"taxonomy":"product_brand","embeddable":true,"href":"https:\/\/modestihouse.com\/index.php\/wp-json\/wp\/v2\/product_brand?post=31785"},{"taxonomy":"product_cat","embeddable":true,"href":"https:\/\/modestihouse.com\/index.php\/wp-json\/wp\/v2\/product_cat?post=31785"},{"taxonomy":"product_tag","embeddable":true,"href":"https:\/\/modestihouse.com\/index.php\/wp-json\/wp\/v2\/product_tag?post=31785"}],"curies":[{"name":"wp","href":"https:\/\/api.w.org\/{rel}","templated":true}]}}