{"id":31788,"date":"2024-10-08T09:58:08","date_gmt":"2024-10-08T07:58:08","guid":{"rendered":"https:\/\/modestihouse.com\/?post_type=product&#038;p=31788"},"modified":"2024-10-08T09:58:59","modified_gmt":"2024-10-08T07:58:59","slug":"pack-cama-hospitalaria-completa","status":"publish","type":"product","link":"https:\/\/modestihouse.com\/index.php\/producto\/pack-cama-hospitalaria-completa\/","title":{"rendered":"Pack Cama Hospitalaria Completa"},"content":{"rendered":"<p>Cama Geriatrica compuesta por somier con cuatro planos de articulaci\u00f3n con carro elevador que incorpora ruedas con frenos independientes y colch\u00f3n Geriatrico antiescaras baradillas cabecero y piecero barandillas abatibles . Almohada microseda de regalo.<\/p>\n<p>Env\u00edo y Montaje Gratis<br \/>\nTransporte y montaje gratis.<br \/>\nLamas Haya Vaporizada Tacos HYTREL 4 Planos Articulaci\u00f3n Rueda con Freno Arquillo Sujeta Colch\u00f3n Pie cero Pintura Epoxi Tubo Acerado Producto Fabricado en la UE Altura Total 43-87 HR-Elioform 45D Articulable Desenfundable Altura 15cm At\u00e9rmico Multiadap Viscoel\u00e1stico Thermo system Reversible Algod\u00f3n Bamb\u00fa Transpirable Tratamiento Anti \u00e1caros y Anti bacterias Lavable Sanitized Oeko-Tex<\/p>\n<p>Su sistema de doble lama con basculaci\u00f3n independiente y los soportes de caucho en ambos extremos facilitan la adaptabilidad y fiabilidad para el cual fueron creadas.<\/p>\n<p>MEDIDAS Y ESPECIFICACIONES<\/p>\n<p>-Sistema de antiatrapamiento entre las partes m\u00f3viles.<\/p>\n<p>-Arquillo sujetacolch\u00f3n.<\/p>\n<p>-Dimensiones del lecho: 90 x 190 cm y 105\u00d7190<\/p>\n<p>-Dimensiones exteriores con cabecero\/piecero y barandillas: 100 x 202 cm.<\/p>\n<p>-Altura regulable minima desde 33 hasta 85 cm ( sin colch\u00f3n )<\/p>\n<p>-24 l\u00e1minas de haya (largo x ancho x alto): 80x38x8 mm<\/p>\n<p>-Longitud de los planos (respaldo,lumbar, muslo,pantorrilla): 78, 30, 54 y 27 cm<\/p>\n<p>-\u00c1ngulo del respaldo: m\u00e1x. 70\u00ba<\/p>\n<p>-\u00c1ngulo elevaci\u00f3n pierna: m\u00e1x. 42\u00ba<\/p>\n<p>\u2013 Separaci\u00f3n del suelo de 14 cm, para introducir gr\u00faa de traslado de enfermo.<\/p>\n<p>Peso m\u00e1ximo de usuario: 135 kg.<\/p>\n<p>Carga m\u00e1xima soportada en funcionamiento: 180 kg.<\/p>\n<p>GARANTIA<\/p>\n<p>\u2013 2 a\u00f1os de garant\u00eda contra defecto de fabricaci\u00f3n<\/p>\n<p>\u2013 Producto fabricado en Espa\u00f1a<\/p>\n<p>BASTIDOR<\/p>\n<p>\u2013 Estructura en tubo de acero de 60x40x2 mm.<\/p>\n<p>\u2013 Acabado en pintura epoxy semitexturado de alta calidad y horneada a altas temperaturas.<\/p>\n<p>\u2013 Inrrayable e indeformable.<\/p>\n<p>\u2013 Carro elevador fabricado en tubo acerado de 50 x 20 x 1,5 mm.<\/p>\n<p>MOTOR<\/p>\n<p>\u2013 Motor de tecnolog\u00eda alemana de baja tensi\u00f3n con corte de corriente y bajada de emergencia (mediante bater\u00eda).<\/p>\n<p>\u2013 Mando a distancia con cable para el manejo de todas las funciones y el accionamiento independiente o conjunto de cabecero o pie cero, recomendado en geriatr\u00eda.<\/p>\n<p>L\u00c1MINAS<\/p>\n<p>\u2013 Lamas de Haya vaporizada dispuestas con fijaciones al bastidor mediante r\u00f3tulas de caucho de alta suspensi\u00f3n.<\/p>\n<p>\u2013 Sistema de anillos multipunto en toda la zona lumbar, que permiten ajustar la firmeza en funci\u00f3n de las propias necesidades.<\/p>\n<p>Disponible para reserva<\/p>\n","protected":false},"excerpt":{"rendered":"<p>Cama Geriatrica compuesta por somier con cuatro planos de articulaci\u00f3n con carro elevador que incorpora ruedas con frenos independientes y<\/p>\n","protected":false},"featured_media":31849,"template":"","meta":[],"product_brand":[],"product_cat":[230],"product_tag":[],"class_list":{"0":"post-31788","1":"product","2":"type-product","3":"status-publish","4":"has-post-thumbnail","6":"product_cat-ortopedia","8":"first","9":"instock","10":"sale","11":"shipping-taxable","12":"purchasable","13":"product-type-simple"},"aioseo_notices":[],"_links":{"self":[{"href":"https:\/\/modestihouse.com\/index.php\/wp-json\/wp\/v2\/product\/31788","targetHints":{"allow":["GET"]}}],"collection":[{"href":"https:\/\/modestihouse.com\/index.php\/wp-json\/wp\/v2\/product"}],"about":[{"href":"https:\/\/modestihouse.com\/index.php\/wp-json\/wp\/v2\/types\/product"}],"wp:featuredmedia":[{"embeddable":true,"href":"https:\/\/modestihouse.com\/index.php\/wp-json\/wp\/v2\/media\/31849"}],"wp:attachment":[{"href":"https:\/\/modestihouse.com\/index.php\/wp-json\/wp\/v2\/media?parent=31788"}],"wp:term":[{"taxonomy":"product_brand","embeddable":true,"href":"https:\/\/modestihouse.com\/index.php\/wp-json\/wp\/v2\/product_brand?post=31788"},{"taxonomy":"product_cat","embeddable":true,"href":"https:\/\/modestihouse.com\/index.php\/wp-json\/wp\/v2\/product_cat?post=31788"},{"taxonomy":"product_tag","embeddable":true,"href":"https:\/\/modestihouse.com\/index.php\/wp-json\/wp\/v2\/product_tag?post=31788"}],"curies":[{"name":"wp","href":"https:\/\/api.w.org\/{rel}","templated":true}]}}