{"id":31791,"date":"2024-10-08T09:58:08","date_gmt":"2024-10-08T07:58:08","guid":{"rendered":"https:\/\/modestihouse.com\/?post_type=product&#038;p=31791"},"modified":"2024-10-08T09:59:04","modified_gmt":"2024-10-08T07:59:04","slug":"barandas-anti-caidas-para-camas-y-somieres","status":"publish","type":"product","link":"https:\/\/modestihouse.com\/index.php\/producto\/barandas-anti-caidas-para-camas-y-somieres\/","title":{"rendered":"Barandas Anti Ca\u00eddas. Para camas y somieres"},"content":{"rendered":"<p>Juego de Barandas Anti Ca\u00eddas\u00a0 dotada de un sistema para abatirlas muy f\u00e1cil de usar , sistema autom\u00e1tico de cierre y bloqueo ajustable a varios perfiles de camas disponibles en el marcado Actual .Cama met\u00e1lica de somieres y Madera, especialmente dise\u00f1adas para camas y somieres articulados el\u00e9ctricos<\/p>\n<p>Medidas: Largo 164 cm, altura 50 cm.<\/p>\n<p>Pack de dos juegos izquierdo y derecho Indivisible<\/p>\n<p>Consultar stock Disponible.<\/p>\n<p>&nbsp;<\/p>\n","protected":false},"excerpt":{"rendered":"<p>Juego de Barandas Anti Ca\u00eddas\u00a0 dotada de un sistema para abatirlas muy f\u00e1cil de usar , sistema autom\u00e1tico de cierre<\/p>\n","protected":false},"featured_media":31850,"template":"","meta":[],"product_brand":[],"product_cat":[230],"product_tag":[],"class_list":{"0":"post-31791","1":"product","2":"type-product","3":"status-publish","4":"has-post-thumbnail","6":"product_cat-ortopedia","8":"first","9":"instock","10":"sale","11":"shipping-taxable","12":"purchasable","13":"product-type-simple"},"aioseo_notices":[],"_links":{"self":[{"href":"https:\/\/modestihouse.com\/index.php\/wp-json\/wp\/v2\/product\/31791","targetHints":{"allow":["GET"]}}],"collection":[{"href":"https:\/\/modestihouse.com\/index.php\/wp-json\/wp\/v2\/product"}],"about":[{"href":"https:\/\/modestihouse.com\/index.php\/wp-json\/wp\/v2\/types\/product"}],"wp:featuredmedia":[{"embeddable":true,"href":"https:\/\/modestihouse.com\/index.php\/wp-json\/wp\/v2\/media\/31850"}],"wp:attachment":[{"href":"https:\/\/modestihouse.com\/index.php\/wp-json\/wp\/v2\/media?parent=31791"}],"wp:term":[{"taxonomy":"product_brand","embeddable":true,"href":"https:\/\/modestihouse.com\/index.php\/wp-json\/wp\/v2\/product_brand?post=31791"},{"taxonomy":"product_cat","embeddable":true,"href":"https:\/\/modestihouse.com\/index.php\/wp-json\/wp\/v2\/product_cat?post=31791"},{"taxonomy":"product_tag","embeddable":true,"href":"https:\/\/modestihouse.com\/index.php\/wp-json\/wp\/v2\/product_tag?post=31791"}],"curies":[{"name":"wp","href":"https:\/\/api.w.org\/{rel}","templated":true}]}}