{"id":31792,"date":"2024-10-08T09:58:08","date_gmt":"2024-10-08T07:58:08","guid":{"rendered":"https:\/\/modestihouse.com\/?post_type=product&#038;p=31792"},"modified":"2024-10-08T09:59:05","modified_gmt":"2024-10-08T07:59:05","slug":"cama-geriatrica-con-y-anti-tren-delenburg","status":"publish","type":"product","link":"https:\/\/modestihouse.com\/index.php\/producto\/cama-geriatrica-con-y-anti-tren-delenburg\/","title":{"rendered":"Cama Geri\u00e1trica con y anti  Tren delenburg"},"content":{"rendered":"<p>Cama el\u00e9ctrica para uso geri\u00e1trico asistencial. Estructura en tubo de acero 50 x 20 mm. Pintado epoxi para asegurar su total limpieza. Lecho de 30 x 20 con 24 lamas de madera de haya sobre soportes basculantes de caucho. Articulada en 4 planos, con accionamiento el\u00e9ctrico independiente. Cabecero y piecero en color madera. Fibra MDF revestido en polilaminado. Barandillas de madera a juego con cabecero, sistema plegable con altura variable de 45 a 89 cms. Mando con 8 posiciones. Ruedas antiest\u00e1ticas, con freno independiente.Posibilidad de incorporar otros complementos como gotero, incorporador, etc\u2026 para ofrecer soluciones confortables al usuario.<\/p>\n<p>INFORMACI\u00d3N DE INTER\u00c9S<\/p>\n<p>La posici\u00f3n de Trendelenburg se puede usar para tratar una embolia venosa del aire colocando el tracto de salida del ventr\u00edculo derecho inferior a la cavidad ventricular derecha, lo que hace que el aire migre hacia una posici\u00f3n superior dentro del ventr\u00edculo derecho desde el cual es menos probable que el aire se embolice<\/p>\n<p>La posici\u00f3n de Trendelenburg tambi\u00e9n se puede utilizar en pacientes respiratorios para crear una mejor.<\/p>\n<p>La posici\u00f3n de Trendelenburg se ha usado ocasionalmente para producir un alivio sintom\u00e1tico de los quistes del tabique posticum del espacio subaracnoideo en la m\u00e9dula espinal, pero no aporta beneficios a largo plazo.<\/p>\n","protected":false},"excerpt":{"rendered":"<p>Cama el\u00e9ctrica para uso geri\u00e1trico asistencial. Estructura en tubo de acero 50 x 20 mm. Pintado epoxi para asegurar su<\/p>\n","protected":false},"featured_media":31860,"template":"","meta":[],"product_brand":[],"product_cat":[230],"product_tag":[],"class_list":{"0":"post-31792","1":"product","2":"type-product","3":"status-publish","4":"has-post-thumbnail","6":"product_cat-ortopedia","8":"first","9":"instock","10":"sale","11":"shipping-taxable","12":"purchasable","13":"product-type-simple"},"aioseo_notices":[],"_links":{"self":[{"href":"https:\/\/modestihouse.com\/index.php\/wp-json\/wp\/v2\/product\/31792","targetHints":{"allow":["GET"]}}],"collection":[{"href":"https:\/\/modestihouse.com\/index.php\/wp-json\/wp\/v2\/product"}],"about":[{"href":"https:\/\/modestihouse.com\/index.php\/wp-json\/wp\/v2\/types\/product"}],"wp:featuredmedia":[{"embeddable":true,"href":"https:\/\/modestihouse.com\/index.php\/wp-json\/wp\/v2\/media\/31860"}],"wp:attachment":[{"href":"https:\/\/modestihouse.com\/index.php\/wp-json\/wp\/v2\/media?parent=31792"}],"wp:term":[{"taxonomy":"product_brand","embeddable":true,"href":"https:\/\/modestihouse.com\/index.php\/wp-json\/wp\/v2\/product_brand?post=31792"},{"taxonomy":"product_cat","embeddable":true,"href":"https:\/\/modestihouse.com\/index.php\/wp-json\/wp\/v2\/product_cat?post=31792"},{"taxonomy":"product_tag","embeddable":true,"href":"https:\/\/modestihouse.com\/index.php\/wp-json\/wp\/v2\/product_tag?post=31792"}],"curies":[{"name":"wp","href":"https:\/\/api.w.org\/{rel}","templated":true}]}}