{"id":31793,"date":"2024-10-08T09:58:09","date_gmt":"2024-10-08T07:58:09","guid":{"rendered":"https:\/\/modestihouse.com\/?post_type=product&#038;p=31793"},"modified":"2024-10-08T09:59:07","modified_gmt":"2024-10-08T07:59:07","slug":"colchon-visco-perfilado-articulable-90x190","status":"publish","type":"product","link":"https:\/\/modestihouse.com\/index.php\/producto\/colchon-visco-perfilado-articulable-90x190\/","title":{"rendered":"Colch\u00f3n Visco perfilado articulable 90&#215;190"},"content":{"rendered":"<p>Colch\u00f3n visco perfilado<br \/>\nN\u00facleo Vitalpur Core 25K , material con gran densidad, alta flexibilidad y destacada resiliencia.<br \/>\nSu alta densidad ofrece un soporte de gran resistencia, y su gran flexibilidad le permite una amortiguaci\u00f3n \u00f3ptima, factores importantes para un buen descanso.<br \/>\nLa capa de Visco 50K aumenta la sensaci\u00f3n de acogida y confort creando un molde perfecto del cuerpo, favoreciendo una mayor relajaci\u00f3n de los m\u00fasculos ya que a\u00f1ade un grado m\u00e1s alto de confort eliminando los puntos de presi\u00f3n, mejorando el riego sangu\u00edneo mientras se descansa, ofreciendo un descanso reparador.<br \/>\nDesenfundable, aportando una mayor higiene y ventilaci\u00f3n al descanso.<br \/>\nAltura total del colch\u00f3n 18 \u00b1 1 cm aprox.<\/p>\n","protected":false},"excerpt":{"rendered":"<p>Colch\u00f3n visco perfilado N\u00facleo Vitalpur Core 25K , material con gran densidad, alta flexibilidad y destacada resiliencia. Su alta densidad<\/p>\n","protected":false},"featured_media":31861,"template":"","meta":[],"product_brand":[],"product_cat":[230,231],"product_tag":[],"class_list":{"0":"post-31793","1":"product","2":"type-product","3":"status-publish","4":"has-post-thumbnail","6":"product_cat-ortopedia","7":"product_cat-somier-articulado","9":"first","10":"instock","11":"sale","12":"shipping-taxable","13":"purchasable","14":"product-type-simple"},"aioseo_notices":[],"_links":{"self":[{"href":"https:\/\/modestihouse.com\/index.php\/wp-json\/wp\/v2\/product\/31793","targetHints":{"allow":["GET"]}}],"collection":[{"href":"https:\/\/modestihouse.com\/index.php\/wp-json\/wp\/v2\/product"}],"about":[{"href":"https:\/\/modestihouse.com\/index.php\/wp-json\/wp\/v2\/types\/product"}],"wp:featuredmedia":[{"embeddable":true,"href":"https:\/\/modestihouse.com\/index.php\/wp-json\/wp\/v2\/media\/31861"}],"wp:attachment":[{"href":"https:\/\/modestihouse.com\/index.php\/wp-json\/wp\/v2\/media?parent=31793"}],"wp:term":[{"taxonomy":"product_brand","embeddable":true,"href":"https:\/\/modestihouse.com\/index.php\/wp-json\/wp\/v2\/product_brand?post=31793"},{"taxonomy":"product_cat","embeddable":true,"href":"https:\/\/modestihouse.com\/index.php\/wp-json\/wp\/v2\/product_cat?post=31793"},{"taxonomy":"product_tag","embeddable":true,"href":"https:\/\/modestihouse.com\/index.php\/wp-json\/wp\/v2\/product_tag?post=31793"}],"curies":[{"name":"wp","href":"https:\/\/api.w.org\/{rel}","templated":true}]}}