{"id":31890,"date":"2024-10-08T09:59:31","date_gmt":"2024-10-08T07:59:31","guid":{"rendered":"https:\/\/modestihouse.com\/?post_type=product&#038;p=31890"},"modified":"2024-10-16T20:59:37","modified_gmt":"2024-10-16T18:59:37","slug":"almohada-visco-carbono","status":"publish","type":"product","link":"https:\/\/modestihouse.com\/index.php\/producto\/almohada-visco-carbono\/","title":{"rendered":"Almohada Visco Carbono"},"content":{"rendered":"<h4>Caracter\u00edsticas T\u00e9cnicas<\/h4>\n<p>&nbsp;<\/p>\n<ul>\n<li>Almohada Viscoel\u00e1stica fabricada con materiales de \u00faltima generaci\u00f3n.<\/li>\n<li>Elimina los puntos de presi\u00f3n ejercidos en la cabeza y el cuello, facilitando el descanso.<\/li>\n<li>El carbono activo capta y elimina los malos olores. Ayuda a eliminar el exceso de electricidad est\u00e1tica corporal.<\/li>\n<li>Doble Funda.<\/li>\n<li><\/li>\n<li><\/li>\n<li>Consultar Stock Disponible<\/li>\n<\/ul>\n","protected":false},"excerpt":{"rendered":"<p>Caracter\u00edsticas T\u00e9cnicas &nbsp; Almohada Viscoel\u00e1stica fabricada con materiales de \u00faltima generaci\u00f3n. Elimina los puntos de presi\u00f3n ejercidos en la cabeza<\/p>\n","protected":false},"featured_media":31909,"template":"","meta":[],"product_brand":[],"product_cat":[337],"product_tag":[],"class_list":{"0":"post-31890","1":"product","2":"type-product","3":"status-publish","4":"has-post-thumbnail","6":"product_cat-almohadas","8":"first","9":"instock","10":"shipping-taxable","11":"purchasable","12":"product-type-variable"},"aioseo_notices":[],"_links":{"self":[{"href":"https:\/\/modestihouse.com\/index.php\/wp-json\/wp\/v2\/product\/31890","targetHints":{"allow":["GET"]}}],"collection":[{"href":"https:\/\/modestihouse.com\/index.php\/wp-json\/wp\/v2\/product"}],"about":[{"href":"https:\/\/modestihouse.com\/index.php\/wp-json\/wp\/v2\/types\/product"}],"wp:featuredmedia":[{"embeddable":true,"href":"https:\/\/modestihouse.com\/index.php\/wp-json\/wp\/v2\/media\/31909"}],"wp:attachment":[{"href":"https:\/\/modestihouse.com\/index.php\/wp-json\/wp\/v2\/media?parent=31890"}],"wp:term":[{"taxonomy":"product_brand","embeddable":true,"href":"https:\/\/modestihouse.com\/index.php\/wp-json\/wp\/v2\/product_brand?post=31890"},{"taxonomy":"product_cat","embeddable":true,"href":"https:\/\/modestihouse.com\/index.php\/wp-json\/wp\/v2\/product_cat?post=31890"},{"taxonomy":"product_tag","embeddable":true,"href":"https:\/\/modestihouse.com\/index.php\/wp-json\/wp\/v2\/product_tag?post=31890"}],"curies":[{"name":"wp","href":"https:\/\/api.w.org\/{rel}","templated":true}]}}