{"id":31893,"date":"2024-10-08T09:59:32","date_gmt":"2024-10-08T07:59:32","guid":{"rendered":"https:\/\/modestihouse.com\/?post_type=product&#038;p=31893"},"modified":"2024-10-08T09:59:48","modified_gmt":"2024-10-08T07:59:48","slug":"almohada-de-ergonomica-rodilla-forma-de-h","status":"publish","type":"product","link":"https:\/\/modestihouse.com\/index.php\/producto\/almohada-de-ergonomica-rodilla-forma-de-h\/","title":{"rendered":"Almohada de Ergon\u00f3mica Rodilla Forma de H"},"content":{"rendered":"<p>Pieza de viscoel\u00e1stica en forma de \u201cH\u201d, pensada para aliviar la presi\u00f3n en las caderas de quienes acostumbran a dormir en posici\u00f3n fetal y para quienes se encuentran en proceso de rehabilitaci\u00f3n.<\/p>\n","protected":false},"excerpt":{"rendered":"<p>Pieza de viscoel\u00e1stica en forma de \u201cH\u201d, pensada para aliviar la presi\u00f3n en las caderas de quienes acostumbran a dormir<\/p>\n","protected":false},"featured_media":31911,"template":"","meta":[],"product_brand":[],"product_cat":[337,230],"product_tag":[],"class_list":{"0":"post-31893","1":"product","2":"type-product","3":"status-publish","4":"has-post-thumbnail","6":"product_cat-almohadas","7":"product_cat-ortopedia","9":"first","10":"instock","11":"sale","12":"shipping-taxable","13":"purchasable","14":"product-type-simple"},"aioseo_notices":[],"_links":{"self":[{"href":"https:\/\/modestihouse.com\/index.php\/wp-json\/wp\/v2\/product\/31893","targetHints":{"allow":["GET"]}}],"collection":[{"href":"https:\/\/modestihouse.com\/index.php\/wp-json\/wp\/v2\/product"}],"about":[{"href":"https:\/\/modestihouse.com\/index.php\/wp-json\/wp\/v2\/types\/product"}],"wp:featuredmedia":[{"embeddable":true,"href":"https:\/\/modestihouse.com\/index.php\/wp-json\/wp\/v2\/media\/31911"}],"wp:attachment":[{"href":"https:\/\/modestihouse.com\/index.php\/wp-json\/wp\/v2\/media?parent=31893"}],"wp:term":[{"taxonomy":"product_brand","embeddable":true,"href":"https:\/\/modestihouse.com\/index.php\/wp-json\/wp\/v2\/product_brand?post=31893"},{"taxonomy":"product_cat","embeddable":true,"href":"https:\/\/modestihouse.com\/index.php\/wp-json\/wp\/v2\/product_cat?post=31893"},{"taxonomy":"product_tag","embeddable":true,"href":"https:\/\/modestihouse.com\/index.php\/wp-json\/wp\/v2\/product_tag?post=31893"}],"curies":[{"name":"wp","href":"https:\/\/api.w.org\/{rel}","templated":true}]}}