{"id":31927,"date":"2024-10-08T09:59:59","date_gmt":"2024-10-08T07:59:59","guid":{"rendered":"https:\/\/modestihouse.com\/?post_type=product&#038;p=31927"},"modified":"2024-10-08T10:00:14","modified_gmt":"2024-10-08T08:00:14","slug":"mueble-composicion-205m-genova-cambria-blanco-led","status":"publish","type":"product","link":"https:\/\/modestihouse.com\/index.php\/producto\/mueble-composicion-205m-genova-cambria-blanco-led\/","title":{"rendered":"Mueble Composici\u00f3n 2,05M G\u00e9nova \/Cambria Blanco Led"},"content":{"rendered":"<p>Composici\u00f3n apilable de sal\u00f3n modelo GENOVA, color cambrian\/blanco.<\/p>\n<p>Esta sala de estar moderna se convertir\u00e1 en la soluci\u00f3n \u00f3ptima para\u00a0su dise\u00f1o interior. Los grandes m\u00f3dulos y los m\u00faltiples compartimentos diferentes ayudar\u00e1n a colocar todas sus cosas personales, libros y elementos de decoraci\u00f3n de una manera conveniente.<\/p>\n<p>&nbsp;<\/p>\n<p><strong>Medidas:<\/strong><\/p>\n<p>L203 x F40 x A190<\/p>\n","protected":false},"excerpt":{"rendered":"<p>Composici\u00f3n apilable de sal\u00f3n modelo GENOVA, color cambrian\/blanco. Esta sala de estar moderna se convertir\u00e1 en la soluci\u00f3n \u00f3ptima para\u00a0su<\/p>\n","protected":false},"featured_media":31951,"template":"","meta":[],"product_brand":[],"product_cat":[78],"product_tag":[],"class_list":{"0":"post-31927","1":"product","2":"type-product","3":"status-publish","4":"has-post-thumbnail","6":"product_cat-composiciones-de-salon","8":"first","9":"instock","10":"sale","11":"shipping-taxable","12":"purchasable","13":"product-type-simple"},"aioseo_notices":[],"_links":{"self":[{"href":"https:\/\/modestihouse.com\/index.php\/wp-json\/wp\/v2\/product\/31927","targetHints":{"allow":["GET"]}}],"collection":[{"href":"https:\/\/modestihouse.com\/index.php\/wp-json\/wp\/v2\/product"}],"about":[{"href":"https:\/\/modestihouse.com\/index.php\/wp-json\/wp\/v2\/types\/product"}],"wp:featuredmedia":[{"embeddable":true,"href":"https:\/\/modestihouse.com\/index.php\/wp-json\/wp\/v2\/media\/31951"}],"wp:attachment":[{"href":"https:\/\/modestihouse.com\/index.php\/wp-json\/wp\/v2\/media?parent=31927"}],"wp:term":[{"taxonomy":"product_brand","embeddable":true,"href":"https:\/\/modestihouse.com\/index.php\/wp-json\/wp\/v2\/product_brand?post=31927"},{"taxonomy":"product_cat","embeddable":true,"href":"https:\/\/modestihouse.com\/index.php\/wp-json\/wp\/v2\/product_cat?post=31927"},{"taxonomy":"product_tag","embeddable":true,"href":"https:\/\/modestihouse.com\/index.php\/wp-json\/wp\/v2\/product_tag?post=31927"}],"curies":[{"name":"wp","href":"https:\/\/api.w.org\/{rel}","templated":true}]}}