{"id":31928,"date":"2024-10-08T09:59:59","date_gmt":"2024-10-08T07:59:59","guid":{"rendered":"https:\/\/modestihouse.com\/?post_type=product&#038;p=31928"},"modified":"2024-10-08T10:00:16","modified_gmt":"2024-10-08T08:00:16","slug":"mueble-composicion-bari-25m-led","status":"publish","type":"product","link":"https:\/\/modestihouse.com\/index.php\/producto\/mueble-composicion-bari-25m-led\/","title":{"rendered":"Mueble Composici\u00f3n Bari 2,5M led"},"content":{"rendered":"<p>Composici\u00f3n apilable de sal\u00f3n modelo BARI, color gris\/blanco e iluminaci\u00f3n led<\/p>\n<p>Juego lujoso y moderno para el sal\u00f3n. El conjunto combina\u00a0los colores\u00a0rico \u00abhormig\u00f3n\u00bb y la \u00abninfea alba\u00bb, tiene mangos modernos oblongos y pr\u00e1cticos, y vitrinas que llenar\u00e1n\u00a0tu sal\u00f3n de luz, frescura y\u00a0comodidad.<\/p>\n","protected":false},"excerpt":{"rendered":"<p>Composici\u00f3n apilable de sal\u00f3n modelo BARI, color gris\/blanco e iluminaci\u00f3n led Juego lujoso y moderno para el sal\u00f3n. El conjunto<\/p>\n","protected":false},"featured_media":31954,"template":"","meta":[],"product_brand":[],"product_cat":[78],"product_tag":[],"class_list":{"0":"post-31928","1":"product","2":"type-product","3":"status-publish","4":"has-post-thumbnail","6":"product_cat-composiciones-de-salon","8":"first","9":"instock","10":"sale","11":"shipping-taxable","12":"purchasable","13":"product-type-simple"},"aioseo_notices":[],"_links":{"self":[{"href":"https:\/\/modestihouse.com\/index.php\/wp-json\/wp\/v2\/product\/31928","targetHints":{"allow":["GET"]}}],"collection":[{"href":"https:\/\/modestihouse.com\/index.php\/wp-json\/wp\/v2\/product"}],"about":[{"href":"https:\/\/modestihouse.com\/index.php\/wp-json\/wp\/v2\/types\/product"}],"wp:featuredmedia":[{"embeddable":true,"href":"https:\/\/modestihouse.com\/index.php\/wp-json\/wp\/v2\/media\/31954"}],"wp:attachment":[{"href":"https:\/\/modestihouse.com\/index.php\/wp-json\/wp\/v2\/media?parent=31928"}],"wp:term":[{"taxonomy":"product_brand","embeddable":true,"href":"https:\/\/modestihouse.com\/index.php\/wp-json\/wp\/v2\/product_brand?post=31928"},{"taxonomy":"product_cat","embeddable":true,"href":"https:\/\/modestihouse.com\/index.php\/wp-json\/wp\/v2\/product_cat?post=31928"},{"taxonomy":"product_tag","embeddable":true,"href":"https:\/\/modestihouse.com\/index.php\/wp-json\/wp\/v2\/product_tag?post=31928"}],"curies":[{"name":"wp","href":"https:\/\/api.w.org\/{rel}","templated":true}]}}